{"id":4446,"date":"2021-07-11T16:07:35","date_gmt":"2021-07-11T16:07:35","guid":{"rendered":"http:\/\/hotelsuccess.com\/?page_id=4446"},"modified":"2024-11-08T16:17:30","modified_gmt":"2024-11-08T16:17:30","slug":"impressum","status":"publish","type":"page","link":"https:\/\/hotelsuccess.com\/en\/impressum\/","title":{"rendered":"Imprint"},"content":{"rendered":"<div class=\"wpb-content-wrapper\"><div class=\"vc-row-container container\"><div class=\"vc_row wpb_row vc_row-fluid\"><div class=\"wpb_column vc_column_container vc_col-sm-2\"><div class=\"vc_column-inner\"><div class=\"wpb_wrapper\"><\/div><\/div><\/div><div class=\"wpb_column vc_column_container vc_col-sm-8\"><div class=\"vc_column-inner\"><div class=\"wpb_wrapper\"><div class=\"section-title\">\n    <h2>Imprint<\/h2>\n<\/div>\n\t<div class=\"wpb_text_column wpb_content_element post-formatting\" >\n\t\t<div class=\"wpb_wrapper\">\n\t\t\t<p><strong>Zugleich Anbieterkennung im Sinne von \u00a7 5 TMG, 55 RStV<\/strong><\/p>\n<p>Hotel Success\u00ae (Hotel Erfolg\u00ae)<\/p>\n<p>Herr Johannes Fritz Groebler<br \/>\nCzernyring 40<br \/>\n69115 Heidelberg\nGermany<br \/>\nGermany<\/p>\n<p>Telefon\u00a0 0049 (0) 162 851 6036<\/p>\n<p>E-Mail: <a href=\"mailto:mail@hotelsuccess.com\">mail@hotelsuccess.com<\/a><br \/>\nWebsite: <a href=\"https:\/\/hotelsuccess.com\/en\/\">www.hotelsuccess.com<\/a><\/p>\n<p><strong>Inhaltlich Verantwortlicher gem\u00e4\u00df \u00a7 55 Abs. 2 RStV <\/strong><br \/>\nHerr Johannes Fritz Groebler<\/p>\n<p><strong>Umsatzsteuer-Identifikationsnummer gem\u00e4\u00df \u00a7 27 a Umsatzsteuergesetz<\/strong><br \/>\nDE292707414<\/p>\n<p><strong>Urheberrecht<\/strong><br \/>\nDie durch den Betreiber dieser Webseite erstellten Inhalte und Werke auf diesen Seiten unterliegen dem deutschen Urheberrecht. Die Vervielf\u00e4ltigung, Bearbeitung, Verbreitung und jede Art der Verwertung au\u00dferhalb der Grenzen des Urheberrechtes bed\u00fcrfen der schriftlichen Zustimmung des jeweiligen Autors bzw. Erstellers. Soweit die Inhalte auf dieser Seite nicht vom Betreiber selbst erstellt wurden, werden Urheberrechte Dritter beachtet. Insbesondere werden Inhalte Dritter als solche gekennzeichnet. Sollten Sie trotzdem auf eine Urheberrechtsverletzung aufmerksam werden, wird um einen entsprechenden Hinweis gebeten. Bei Bekanntwerden von Rechtsverletzungen wird der Betreiber derartige Inhalte umgehend entfernen.<\/p>\n<p><strong>Bildnachweise \/ Fotomaterial<\/strong><br \/>\nDie angezeigten Bilder werden durch Dritte (Hotels, Konzepte und Locations) zur Verf\u00fcgung gestellt und sind daher auch das Eigentum dieser.<\/p>\n<p><strong>Haftungsausschluss \/ Inhalt<\/strong><br \/>\n<strong>Hotel Success\u00ae <\/strong>\u00fcbernimmt keinerlei Gew\u00e4hr f\u00fcr die Aktualit\u00e4t, Korrektheit, Vollst\u00e4ndigkeit oder Qualit\u00e4t der bereitgestellten Informationen. Haftungsanspr\u00fcche gegen <strong>Hotel Success\u00ae <\/strong>Johannes Fritz Groebler, welche sich die durch die Nutzung oder Nichtnutzung der dargebotenen Informationen bzw. durch die Nutzung fehlerhafter und unvollst\u00e4ndiger Informationen verursacht wurden, sind grunds\u00e4tzlich ausgeschlossen, sofern seitens <strong>Hotel Success\u00ae <\/strong>kein nachweislich vors\u00e4tzliches oder grob fahrl\u00e4ssiges Verschulden vorliegt. Alle Angebote sind freibleibend und unverbindlich. <strong>Hotel Success\u00ae <\/strong>beh\u00e4lt es sich ausdr\u00fccklich vor, Teile der Seiten oder das gesamte Angebot ohne gesonderte Ank\u00fcndigung zu ver\u00e4ndern, zu erg\u00e4nzen, zu l\u00f6schen oder die Ver\u00f6ffentlichung zeitweise oder endg\u00fcltig einzustellen.<\/p>\n<p><strong>Haftung f\u00fcr Inhalte<\/strong><br \/>\nDie Inhalte dieses Internetauftritts wurden mit gr\u00f6\u00dfter Sorgfalt gepr\u00fcft und erstellt. <strong>Hotel Success\u00ae <\/strong>\u00fcbernimmt jedoch keine Gew\u00e4hr f\u00fcr Richtigkeit, Vollst\u00e4ndigkeit und Aktualit\u00e4t des Inhalts da die Informationen von dem jeweiligen Partner zur Verf\u00fcgung gestellt werden. <strong>Hotel Success\u00ae <\/strong>beh\u00e4lt sich ausdr\u00fccklich vor, den Internetauftritt frei zu ver\u00e4ndern.<\/p>\n<p>Gem. \u00a7\u00a7 8 \u2013 10 TMG trifft <strong>Hotel Success\u00ae <\/strong>als Dienstanbieter keine Pflicht, fremde Informationen, die \u00fcbermittelt oder gespeichert wurden, zu \u00fcberwachen oder nach Anhaltspunkten und Umst\u00e4nden zu forschen, die die Rechtswidrigkeit von T\u00e4tigkeiten und Informationen indizieren. Eine Verpflichtung unsererseits zur Nutzungssperrung von Inhalten im Rahmen der allgemeinen Gesetze bleibt hiervon stets unber\u00fchrt. Diese Haftung kommt jedoch erst im Moment der Kenntnisnahme einer konkreten Verletzung von Rechten in Frage. Sollten uns Rechtsverletzungen bekannt werden, so sind die entsprechenden Inhalte von uns unverz\u00fcglich zu entfernen. Unsere Haftung f\u00fcr eigene Inhalte richtet sich, als Dienstanbieter, nach den allgemeinen Gesetzen.<\/p>\n<p><strong>Verweise und Links<\/strong><br \/>\nBei direkten oder indirekten Verweisen auf fremde Webseiten (\u201cHyperlinks\u201d) (zB andere Partner Webseiten), die au\u00dferhalb des Verantwortungsbereiches von <strong>Hotel Success\u00ae \u00a0<\/strong>liegen, w\u00fcrde eine Haftungsverpflichtung ausschlie\u00dflich in dem Fall in Kraft treten, in dem der Autor von den Inhalten Kenntnis hat und es ihm technisch m\u00f6glich und zumutbar w\u00e4re, die Nutzung im Falle rechtswidriger Inhalte zu verhindern. <strong>Hotel Success\u00ae <\/strong>erkl\u00e4rt hiermit ausdr\u00fccklich, dass zum Zeitpunkt der Linksetzung keine illegalen Inhalte auf den zu verlinkenden Seiten erkennbar waren. Auf die aktuelle und zuk\u00fcnftige Gestaltung, die Inhalte oder die Urheberschaft der verlinkten\/verkn\u00fcpften Seiten hat <strong>Hotel Success\u00ae <\/strong>keinerlei Einfluss. Deshalb distanziert <strong>Hotel Success\u00ae <\/strong>sich hiermit ausdr\u00fccklich von allen Inhalten aller verlinkten\/verkn\u00fcpften Seiten, die nach der Linksetzung ver\u00e4ndert wurden. Diese Feststellung gilt f\u00fcr alle innerhalb des eigenen Internetangebotes gesetzten Links und Verweise. F\u00fcr illegale, fehlerhafte oder unvollst\u00e4ndige Inhalte und insbesondere f\u00fcr Sch\u00e4den, die aus der Nutzung oder Nichtnutzung solcherart dargebotener Informationen entstehen, haftet allein der Anbieter der Seite, auf welche verwiesen wurde, nicht derjenige, der \u00fcber Links auf die jeweilige Ver\u00f6ffentlichung lediglich verweist.<\/p>\n<p><strong>Online-Streitbeilegung gem\u00e4\u00df Art. 14 Abs. 1 ODR-VO<\/strong><br \/>\n<strong>Pflichtinformation nach der Verordnung (EU) Nr. 524\/2013 des Europ\u00e4ischen Parlaments und Rats:<\/strong> Die Europ\u00e4ische Kommission stellt eine Plattform zur Online-Streitbeilegung (OS) bereit, die Sie unter <a href=\"http:\/\/ec.europa.eu\/consumers\/odr\/\">http:\/\/ec.europa.eu\/consumers\/odr\/<\/a> finden.<\/p>\n<p><strong>Streitschlichtung<\/strong><br \/>\nWir nehmen nicht an einem Streitbeilegungsverfahren vor einer Verbraucherschlichtungsstelle teil. Das Gesetzes \u00fcber die alternative Streitbeilegung in Verbrauchersachen fordert aber, dass wir Sie trotzdem auf eine f\u00fcr Sie zust\u00e4ndige Verbraucherschlichtungsstelle hinweisen:<br \/>\nAllgemeine Verbraucherschlichtungsstelle des Zentrums f\u00fcr Schlichtung e. V.<br \/>\nStra\u00dfburger Str. 8<br \/>\n77694 Kehl<br \/>\nInternet: <a href=\"http:\/\/www.verbraucher-schlichter.de\">www.verbraucher-schlichter.de<\/a><\/p>\n<p><strong>Rechtswirksamkeit dieses Haftungsausschlusses<\/strong><br \/>\nDieser Haftungsausschluss ist als Teil des Internetangebotes zu betrachten, von dem aus auf diese Seite verwiesen wurde. Sofern Teile oder einzelne Formulierungen dieses Textes der geltenden Rechtslage nicht, nicht mehr oder nicht vollst\u00e4ndig entsprechen sollten, bleiben die \u00fcbrigen Teile des Dokumentes in ihrem Inhalt und ihrer G\u00fcltigkeit davon unber\u00fchrt.<\/p>\n<p>&nbsp;<\/p>\n\n\t\t<\/div>\n\t<\/div>\n<\/div><\/div><\/div><div class=\"wpb_column vc_column_container vc_col-sm-2\"><div class=\"vc_column-inner\"><div class=\"wpb_wrapper\"><\/div><\/div><\/div><\/div><\/div><div class=\"vc-row-container container\"><div class=\"vc_row wpb_row vc_row-fluid\"><div class=\"wpb_column vc_column_container vc_col-sm-12\"><div class=\"vc_column-inner\"><div class=\"wpb_wrapper\"><\/div><\/div><\/div><\/div><\/div>\n<\/div>","protected":false},"excerpt":{"rendered":"Impressum Zugleich Anbieterkennung im Sinne von \u00a7 5 TMG, 55 RStV Hotel Success\u00ae (Hotel Erfolg\u00ae) Herr Johannes Fritz Groebler Czernyring 40 69115 Heidelberg Germany Telefon\u00a0 0049 (0) 162 851 6036 E-Mail: mail@hotelsuccess.com Website: www.hotelsuccess.com Inhaltlich Verantwortlicher gem\u00e4\u00df \u00a7 55 Abs. 2 RStV Herr Johannes Fritz Groebler Umsatzsteuer-Identifikationsnummer gem\u00e4\u00df \u00a7 27 a Umsatzsteuergesetz DE292707414 Urheberrecht Die&hellip;","protected":false},"author":1,"featured_media":0,"parent":0,"menu_order":0,"comment_status":"closed","ping_status":"closed","template":"","meta":{"_acf_changed":false,"footnotes":""},"class_list":["post-4446","page","type-page","status-publish","hentry"],"acf":[],"yoast_head":"<!-- This site is optimized with the Yoast SEO plugin v27.4 - https:\/\/yoast.com\/product\/yoast-seo-wordpress\/ -->\n<title>Impressum | Hotel Success \u2013 Ihr Partner f\u00fcr nachhaltigen Hotel Erfolg.<\/title>\n<meta name=\"description\" content=\"Ich biete Ihnen individuelle Beratungsl\u00f6sungen f\u00fcr Ihren Erfolg! Professionelle Beratung ist immer eine wertvolle Investition in die Zukunft.\" \/>\n<meta name=\"robots\" content=\"index, follow, max-snippet:-1, max-image-preview:large, max-video-preview:-1\" \/>\n<link rel=\"canonical\" href=\"https:\/\/hotelsuccess.com\/en\/impressum\/\" \/>\n<meta property=\"og:locale\" content=\"en_US\" \/>\n<meta property=\"og:type\" content=\"article\" \/>\n<meta property=\"og:title\" content=\"Impressum | Hotel Success \u2013 Ihr Partner f\u00fcr nachhaltigen Hotel Erfolg.\" \/>\n<meta property=\"og:description\" content=\"Ich biete Ihnen individuelle Beratungsl\u00f6sungen f\u00fcr Ihren Erfolg! Professionelle Beratung ist immer eine wertvolle Investition in die Zukunft.\" \/>\n<meta property=\"og:url\" content=\"https:\/\/hotelsuccess.com\/en\/impressum\/\" \/>\n<meta property=\"og:site_name\" content=\"Hotel Success \u2013 Ihr Partner f\u00fcr nachhaltigen Hotel Erfolg.\" \/>\n<meta property=\"article:publisher\" content=\"https:\/\/www.facebook.com\/johannes.f.groebler\" \/>\n<meta name=\"twitter:card\" content=\"summary_large_image\" \/>\n<meta name=\"twitter:site\" content=\"@Hotel_Fritz\" \/>\n<meta name=\"twitter:label1\" content=\"Est. reading time\" \/>\n\t<meta name=\"twitter:data1\" content=\"4 minutes\" \/>\n<!-- \/ Yoast SEO plugin. -->","yoast_head_json":{"title":"Impressum | Hotel Success \u2013 Ihr Partner f\u00fcr nachhaltigen Hotel Erfolg.","description":"Ich biete Ihnen individuelle Beratungsl\u00f6sungen f\u00fcr Ihren Erfolg! Professionelle Beratung ist immer eine wertvolle Investition in die Zukunft.","robots":{"index":"index","follow":"follow","max-snippet":"max-snippet:-1","max-image-preview":"max-image-preview:large","max-video-preview":"max-video-preview:-1"},"canonical":"https:\/\/hotelsuccess.com\/en\/impressum\/","og_locale":"en_US","og_type":"article","og_title":"Impressum | Hotel Success \u2013 Ihr Partner f\u00fcr nachhaltigen Hotel Erfolg.","og_description":"Ich biete Ihnen individuelle Beratungsl\u00f6sungen f\u00fcr Ihren Erfolg! Professionelle Beratung ist immer eine wertvolle Investition in die Zukunft.","og_url":"https:\/\/hotelsuccess.com\/en\/impressum\/","og_site_name":"Hotel Success \u2013 Ihr Partner f\u00fcr nachhaltigen Hotel Erfolg.","article_publisher":"https:\/\/www.facebook.com\/johannes.f.groebler","twitter_card":"summary_large_image","twitter_site":"@Hotel_Fritz","twitter_misc":{"Est. reading time":"4 minutes"},"schema":{"@context":"https:\/\/schema.org","@graph":[{"@type":"WebPage","@id":"https:\/\/hotelsuccess.com\/impressum\/","url":"https:\/\/hotelsuccess.com\/impressum\/","name":"Impressum | Hotel Success \u2013 Ihr Partner f\u00fcr nachhaltigen Hotel Erfolg.","isPartOf":{"@id":"https:\/\/hotelsuccess.com\/#website"},"datePublished":"2021-07-11T16:07:35+00:00","dateModified":"2024-11-08T16:17:30+00:00","description":"Ich biete Ihnen individuelle Beratungsl\u00f6sungen f\u00fcr Ihren Erfolg! Professionelle Beratung ist immer eine wertvolle Investition in die Zukunft.","breadcrumb":{"@id":"https:\/\/hotelsuccess.com\/impressum\/#breadcrumb"},"inLanguage":"en-US","potentialAction":[{"@type":"ReadAction","target":["https:\/\/hotelsuccess.com\/impressum\/"]}]},{"@type":"BreadcrumbList","@id":"https:\/\/hotelsuccess.com\/impressum\/#breadcrumb","itemListElement":[{"@type":"ListItem","position":1,"name":"Home","item":"https:\/\/hotelsuccess.com\/"},{"@type":"ListItem","position":2,"name":"Impressum"}]},{"@type":"WebSite","@id":"https:\/\/hotelsuccess.com\/#website","url":"https:\/\/hotelsuccess.com\/","name":"Hotel Success \u2013 Ihr Partner f\u00fcr nachhaltigen Hotel Erfolg.","description":"hotelsuccess.com","publisher":{"@id":"https:\/\/hotelsuccess.com\/#organization"},"potentialAction":[{"@type":"SearchAction","target":{"@type":"EntryPoint","urlTemplate":"https:\/\/hotelsuccess.com\/?s={search_term_string}"},"query-input":{"@type":"PropertyValueSpecification","valueRequired":true,"valueName":"search_term_string"}}],"inLanguage":"en-US"},{"@type":"Organization","@id":"https:\/\/hotelsuccess.com\/#organization","name":"Hotel Fritz","url":"https:\/\/hotelsuccess.com\/","logo":{"@type":"ImageObject","inLanguage":"en-US","@id":"https:\/\/hotelsuccess.com\/#\/schema\/logo\/image\/","url":"https:\/\/hotelsuccess.com\/wp-content\/uploads\/2021\/07\/logo-hotel-fritz-black.png","contentUrl":"https:\/\/hotelsuccess.com\/wp-content\/uploads\/2021\/07\/logo-hotel-fritz-black.png","width":379,"height":60,"caption":"Hotel Fritz"},"image":{"@id":"https:\/\/hotelsuccess.com\/#\/schema\/logo\/image\/"},"sameAs":["https:\/\/www.facebook.com\/johannes.f.groebler","https:\/\/x.com\/Hotel_Fritz","https:\/\/www.instagram.com\/hotelfritz_\/","https:\/\/www.pinterest.de\/JohannesFritzGroebler\/","https:\/\/www.linkedin.com\/in\/johannesgroebler\/","https:\/\/www.youtube.com\/channel\/UCTBxv_KtziYqXWm2a9DEjDA"]}]}},"_links":{"self":[{"href":"https:\/\/hotelsuccess.com\/en\/wp-json\/wp\/v2\/pages\/4446","targetHints":{"allow":["GET"]}}],"collection":[{"href":"https:\/\/hotelsuccess.com\/en\/wp-json\/wp\/v2\/pages"}],"about":[{"href":"https:\/\/hotelsuccess.com\/en\/wp-json\/wp\/v2\/types\/page"}],"author":[{"embeddable":true,"href":"https:\/\/hotelsuccess.com\/en\/wp-json\/wp\/v2\/users\/1"}],"replies":[{"embeddable":true,"href":"https:\/\/hotelsuccess.com\/en\/wp-json\/wp\/v2\/comments?post=4446"}],"version-history":[{"count":11,"href":"https:\/\/hotelsuccess.com\/en\/wp-json\/wp\/v2\/pages\/4446\/revisions"}],"predecessor-version":[{"id":7451,"href":"https:\/\/hotelsuccess.com\/en\/wp-json\/wp\/v2\/pages\/4446\/revisions\/7451"}],"wp:attachment":[{"href":"https:\/\/hotelsuccess.com\/en\/wp-json\/wp\/v2\/media?parent=4446"}],"curies":[{"name":"wp","href":"https:\/\/api.w.org\/{rel}","templated":true}]}}