{"id":7438,"date":"2024-11-08T15:38:28","date_gmt":"2024-11-08T15:38:28","guid":{"rendered":"https:\/\/hotelsuccess.com\/?page_id=7438"},"modified":"2024-11-08T16:02:43","modified_gmt":"2024-11-08T16:02:43","slug":"results","status":"publish","type":"page","link":"https:\/\/hotelsuccess.com\/en\/results\/","title":{"rendered":"Ergebnisse &#038; Erfolgskennzahlen"},"content":{"rendered":"<div class=\"wpb-content-wrapper\"><div class=\"vc-row-container container\"><div class=\"vc_row wpb_row vc_row-fluid\"><div class=\"wpb_column vc_column_container vc_col-sm-3\"><div class=\"vc_column-inner\"><div class=\"wpb_wrapper\"><\/div><\/div><\/div><div class=\"wpb_column vc_column_container vc_col-sm-6\"><div class=\"vc_column-inner\"><div class=\"wpb_wrapper\"><div class=\"section-title\">\n    <h1>References, Proven Results, and Success Stories \u2013 Hotel Success in Action<\/h1>\n<\/div>\n\t<div class=\"wpb_text_column wpb_content_element post-formatting\" >\n\t\t<div class=\"wpb_wrapper\">\n\t\t\t<p>Hotel Success \u00ae helps clients achieve impressive results, from revenue growth and cost savings to enhanced guest satisfaction. Here are a few examples:<\/p>\n\n\t\t<\/div>\n\t<\/div>\n\n\t<div class=\"wpb_text_column wpb_content_element post-formatting\" >\n\t\t<div class=\"wpb_wrapper\">\n\t\t\t<p><strong>+20% Revenue Growth<\/strong>: Our client saw an over 20% increase in occupancy and direct bookings. Client in Baden-W\u00fcrttemberg, Germany (GROWTH Package).<\/p>\n<p>&nbsp;<\/p>\n<p><strong>Hotel Positioning<\/strong>: Strategic planning and support for the successful market launch of a new hotel in Mecklenburg-Vorpommern, Germany (GROWTH Package).<\/p>\n<p>&nbsp;<\/p>\n<p><strong>Happier Guests<\/strong>: Our strategies for enhancing the guest experience increase satisfaction and strengthen brand loyalty.<\/p>\n<p>&nbsp;<\/p>\n<p><strong>Over 10 Successful Transformations<\/strong>: Our tailored strategies have achieved sustainable success across Europe, from small hotels to international chains.<\/p>\n<p>&nbsp;<\/p>\n<p><strong>Concept Realignment and Potential Analysis<\/strong>: Support for an investor in the repositioning of a 5-star-plus hotel in Salzburg, Austria.<\/p>\n<p>&nbsp;<\/p>\n<p><strong>Hotel Positioning and Operator Acquisition<\/strong>: Successful placement of a hotel operator for a new hotel project in Berlin, Germany.<\/p>\n<p>&nbsp;<\/p>\n<p><strong>New Openings<\/strong>: We provide comprehensive support for hotel openings, from concept development and brand building to market positioning.<\/p>\n<p>&nbsp;<\/p>\n<p>Would you like more examples? Contact us at <a href=\"mailto:mail@hotelsuccess.com\">mail@hotelsuccess.com<\/a><\/p>\n\n\t\t<\/div>\n\t<\/div>\n<\/div><\/div><\/div><div class=\"wpb_column vc_column_container vc_col-sm-3\"><div class=\"vc_column-inner\"><div class=\"wpb_wrapper\"><\/div><\/div><\/div><\/div><\/div><div class=\"vc-row-container container\"><div class=\"vc_row wpb_row vc_row-fluid\"><div class=\"wpb_column vc_column_container vc_col-sm-12\"><div class=\"vc_column-inner\"><div class=\"wpb_wrapper\"><div class=\"vc_empty_space\"   style=\"height: 32px\"><span class=\"vc_empty_space_inner\"><\/span><\/div><\/div><\/div><\/div><\/div><\/div><div class=\"vc-row-container container\"><div class=\"vc_row wpb_row vc_row-fluid\"><div class=\"wpb_column vc_column_container vc_col-sm-12\"><div class=\"vc_column-inner\"><div class=\"wpb_wrapper\"><div class=\"vc_empty_space\"   style=\"height: 32px\"><span class=\"vc_empty_space_inner\"><\/span><\/div><\/div><\/div><\/div><\/div><\/div>\n<\/div>","protected":false},"excerpt":{"rendered":"Referenzen, bew\u00e4hrte Ergebnisse und Erfolgsprojekte \u2013 Hotel Success in Aktion Hotel Success\u00ae unterst\u00fctzt Kunden dabei, beeindruckende Resultate zu erzielen \u2013 von Umsatzsteigerungen \u00fcber Kosteneinsparungen bis hin zu einer erh\u00f6hten G\u00e4stezufriedenheit. Hier ein paar Beispiele: +20% Umsatzwachstum: Unser Kunde profitierte von \u00fcber 20 % Steigerung der Auslastung und Direktbuchungen. Kunde in Baden-W\u00fcrttemberg, Deutschland (GROWTH-Wachstumspaket). &nbsp; Hotelpositionierung:&hellip;","protected":false},"author":1,"featured_media":0,"parent":0,"menu_order":0,"comment_status":"closed","ping_status":"closed","template":"","meta":{"_acf_changed":false,"footnotes":""},"class_list":["post-7438","page","type-page","status-publish","hentry"],"acf":[],"yoast_head":"<!-- This site is optimized with the Yoast SEO plugin v26.6 - https:\/\/yoast.com\/wordpress\/plugins\/seo\/ -->\n<title>Ergebnisse &amp; Erfolgskennzahlen | Hotel Success \u2013 Ihr Partner f\u00fcr nachhaltigen Hotel Erfolg.<\/title>\n<meta name=\"robots\" content=\"index, follow, max-snippet:-1, max-image-preview:large, max-video-preview:-1\" \/>\n<link rel=\"canonical\" href=\"https:\/\/hotelsuccess.com\/en\/results\/\" \/>\n<meta property=\"og:locale\" content=\"en_US\" \/>\n<meta property=\"og:type\" content=\"article\" \/>\n<meta property=\"og:title\" content=\"Ergebnisse &amp; Erfolgskennzahlen | Hotel Success \u2013 Ihr Partner f\u00fcr nachhaltigen Hotel Erfolg.\" \/>\n<meta property=\"og:url\" content=\"https:\/\/hotelsuccess.com\/en\/results\/\" \/>\n<meta property=\"og:site_name\" content=\"Hotel Success \u2013 Ihr Partner f\u00fcr nachhaltigen Hotel Erfolg.\" \/>\n<meta property=\"article:publisher\" content=\"https:\/\/www.facebook.com\/johannes.f.groebler\" \/>\n<meta name=\"twitter:card\" content=\"summary_large_image\" \/>\n<meta name=\"twitter:site\" content=\"@Hotel_Fritz\" \/>\n<meta name=\"twitter:label1\" content=\"Est. reading time\" \/>\n\t<meta name=\"twitter:data1\" content=\"1 minute\" \/>\n<!-- \/ Yoast SEO plugin. -->","yoast_head_json":{"title":"Ergebnisse & Erfolgskennzahlen | Hotel Success \u2013 Ihr Partner f\u00fcr nachhaltigen Hotel Erfolg.","robots":{"index":"index","follow":"follow","max-snippet":"max-snippet:-1","max-image-preview":"max-image-preview:large","max-video-preview":"max-video-preview:-1"},"canonical":"https:\/\/hotelsuccess.com\/en\/results\/","og_locale":"en_US","og_type":"article","og_title":"Ergebnisse & Erfolgskennzahlen | Hotel Success \u2013 Ihr Partner f\u00fcr nachhaltigen Hotel Erfolg.","og_url":"https:\/\/hotelsuccess.com\/en\/results\/","og_site_name":"Hotel Success \u2013 Ihr Partner f\u00fcr nachhaltigen Hotel Erfolg.","article_publisher":"https:\/\/www.facebook.com\/johannes.f.groebler","twitter_card":"summary_large_image","twitter_site":"@Hotel_Fritz","twitter_misc":{"Est. reading time":"1 minute"},"schema":{"@context":"https:\/\/schema.org","@graph":[{"@type":"WebPage","@id":"https:\/\/hotelsuccess.com\/results\/","url":"https:\/\/hotelsuccess.com\/results\/","name":"Ergebnisse & Erfolgskennzahlen | Hotel Success \u2013 Ihr Partner f\u00fcr nachhaltigen Hotel Erfolg.","isPartOf":{"@id":"https:\/\/hotelsuccess.com\/#website"},"datePublished":"2024-11-08T15:38:28+00:00","dateModified":"2024-11-08T16:02:43+00:00","breadcrumb":{"@id":"https:\/\/hotelsuccess.com\/results\/#breadcrumb"},"inLanguage":"en-US","potentialAction":[{"@type":"ReadAction","target":["https:\/\/hotelsuccess.com\/results\/"]}]},{"@type":"BreadcrumbList","@id":"https:\/\/hotelsuccess.com\/results\/#breadcrumb","itemListElement":[{"@type":"ListItem","position":1,"name":"Home","item":"https:\/\/hotelsuccess.com\/"},{"@type":"ListItem","position":2,"name":"Ergebnisse &#038; Erfolgskennzahlen"}]},{"@type":"WebSite","@id":"https:\/\/hotelsuccess.com\/#website","url":"https:\/\/hotelsuccess.com\/","name":"Hotel Success \u2013 Ihr Partner f\u00fcr nachhaltigen Hotel Erfolg.","description":"hotelsuccess.com","publisher":{"@id":"https:\/\/hotelsuccess.com\/#organization"},"potentialAction":[{"@type":"SearchAction","target":{"@type":"EntryPoint","urlTemplate":"https:\/\/hotelsuccess.com\/?s={search_term_string}"},"query-input":{"@type":"PropertyValueSpecification","valueRequired":true,"valueName":"search_term_string"}}],"inLanguage":"en-US"},{"@type":"Organization","@id":"https:\/\/hotelsuccess.com\/#organization","name":"Hotel Fritz","url":"https:\/\/hotelsuccess.com\/","logo":{"@type":"ImageObject","inLanguage":"en-US","@id":"https:\/\/hotelsuccess.com\/#\/schema\/logo\/image\/","url":"https:\/\/hotelsuccess.com\/wp-content\/uploads\/2021\/07\/logo-hotel-fritz-black.png","contentUrl":"https:\/\/hotelsuccess.com\/wp-content\/uploads\/2021\/07\/logo-hotel-fritz-black.png","width":379,"height":60,"caption":"Hotel Fritz"},"image":{"@id":"https:\/\/hotelsuccess.com\/#\/schema\/logo\/image\/"},"sameAs":["https:\/\/www.facebook.com\/johannes.f.groebler","https:\/\/x.com\/Hotel_Fritz","https:\/\/www.instagram.com\/hotelfritz_\/","https:\/\/www.pinterest.de\/JohannesFritzGroebler\/","https:\/\/www.linkedin.com\/in\/johannesgroebler\/","https:\/\/www.youtube.com\/channel\/UCTBxv_KtziYqXWm2a9DEjDA"]}]}},"_links":{"self":[{"href":"https:\/\/hotelsuccess.com\/en\/wp-json\/wp\/v2\/pages\/7438","targetHints":{"allow":["GET"]}}],"collection":[{"href":"https:\/\/hotelsuccess.com\/en\/wp-json\/wp\/v2\/pages"}],"about":[{"href":"https:\/\/hotelsuccess.com\/en\/wp-json\/wp\/v2\/types\/page"}],"author":[{"embeddable":true,"href":"https:\/\/hotelsuccess.com\/en\/wp-json\/wp\/v2\/users\/1"}],"replies":[{"embeddable":true,"href":"https:\/\/hotelsuccess.com\/en\/wp-json\/wp\/v2\/comments?post=7438"}],"version-history":[{"count":5,"href":"https:\/\/hotelsuccess.com\/en\/wp-json\/wp\/v2\/pages\/7438\/revisions"}],"predecessor-version":[{"id":7443,"href":"https:\/\/hotelsuccess.com\/en\/wp-json\/wp\/v2\/pages\/7438\/revisions\/7443"}],"wp:attachment":[{"href":"https:\/\/hotelsuccess.com\/en\/wp-json\/wp\/v2\/media?parent=7438"}],"curies":[{"name":"wp","href":"https:\/\/api.w.org\/{rel}","templated":true}]}}