{"id":7452,"date":"2024-11-08T19:36:26","date_gmt":"2024-11-08T19:36:26","guid":{"rendered":"https:\/\/hotelsuccess.com\/?page_id=7452"},"modified":"2024-11-19T08:18:55","modified_gmt":"2024-11-19T08:18:55","slug":"program-starter","status":"publish","type":"page","link":"https:\/\/hotelsuccess.com\/en\/program-starter\/","title":{"rendered":"Program Starter hp"},"content":{"rendered":"<div class=\"wpb-content-wrapper\"><div class=\"vc-row-container container\"><div class=\"vc_row wpb_row vc_row-fluid\"><div class=\"wpb_column vc_column_container vc_col-sm-3\"><div class=\"vc_column-inner\"><div class=\"wpb_wrapper\"><\/div><\/div><\/div><div class=\"wpb_column vc_column_container vc_col-sm-6\"><div class=\"vc_column-inner\"><div class=\"wpb_wrapper\"><div class=\"section-title\">\n    <h1>STARTER \u2013 Free Introduction<\/h1>\n<\/div>\n\t<div class=\"wpb_text_column wpb_content_element post-formatting\" >\n\t\t<div class=\"wpb_wrapper\">\n\t\t\t<h4>Description:<\/h4>\n<p>Begin your journey with Hotel Success \u00ae through a free, non-binding consultation. In this initial exchange (telephone call or via e-meeting), we analyze your hotel\u2019s unique challenges and goals, provide expert insights, and discuss potential strategies tailored to your needs. Reasons for seeking hotel consulting are varied, including areas such as personnel, sales and marketing, guest satisfaction improvement, cost savings, or revenue optimization.<\/p>\n<p>&nbsp;<\/p>\n<h4>Contents:<\/h4>\n<p>Individual consultation via phone or, preferably, as an e-meeting with one of our experts.<\/p>\n<p>Initial review of your key performance areas to identify immediate opportunities.<\/p>\n<p>Strategic outline: You\u2019ll receive a brief overview of possible steps to achieve your goals.<\/p>\n<p>&nbsp;<\/p>\n<h4>Value Proposition:<\/h4>\n<p>A free introduction to our consulting services, offering you valuable insights and enabling you to make an informed decision on whether a continued collaboration with Hotel Success \u00ae is suitable for your hotel and specific situation.<\/p>\n\n\t\t<\/div>\n\t<\/div>\n<div class=\"vc_btn3-container vc_btn3-inline vc_do_btn\" ><a class=\"vc_general vc_btn3 vc_btn3-size-md vc_btn3-shape-round vc_btn3-style-outline vc_btn3-color-danger\" href=\"https:\/\/calendly.com\/hotelsuccess\/30min\" title=\"\" target=\"_blank\">Secure Your Initial Consultation for Success<\/a><\/div><\/div><\/div><\/div><div class=\"wpb_column vc_column_container vc_col-sm-3\"><div class=\"vc_column-inner\"><div class=\"wpb_wrapper\"><\/div><\/div><\/div><\/div><\/div><div class=\"vc-row-container container\"><div class=\"vc_row wpb_row vc_row-fluid\"><div class=\"wpb_column vc_column_container vc_col-sm-12\"><div class=\"vc_column-inner\"><div class=\"wpb_wrapper\"><div class=\"vc_empty_space\"   style=\"height: 32px\"><span class=\"vc_empty_space_inner\"><\/span><\/div><\/div><\/div><\/div><\/div><\/div><div class=\"vc-row-container container\"><div class=\"vc_row wpb_row vc_row-fluid\"><div class=\"wpb_column vc_column_container vc_col-sm-3\"><div class=\"vc_column-inner\"><div class=\"wpb_wrapper\"><\/div><\/div><\/div><div class=\"wpb_column vc_column_container vc_col-sm-6\"><div class=\"vc_column-inner\"><div class=\"wpb_wrapper\">\n\t<div class=\"wpb_text_column wpb_content_element post-formatting\" >\n\t\t<div class=\"wpb_wrapper\">\n\t\t\t<p><strong>Overview of All Programs<\/strong><\/p>\n<div class=\"textwidget\">\n<div class=\"textwidget\">\n<p><a class=\"\" href=\"https:\/\/hotelsuccess.com\/en\/program-starter\/\" data-darkreader-inline-color=\"\">STARTER \u2013 Free Introduction<\/a><\/p>\n<p><a class=\"\" href=\"https:\/\/hotelsuccess.com\/en\/program-essential\/\" data-darkreader-inline-color=\"\">ESSENTIAL \u2013 Basic Package<\/a><\/p>\n<p><a class=\"\" href=\"https:\/\/hotelsuccess.com\/en\/program-growth\/\" data-darkreader-inline-color=\"\">GROWTH \u2013 Growth Package<\/a><\/p>\n<p><a class=\"\" href=\"https:\/\/hotelsuccess.com\/en\/program-premium\/\" data-darkreader-inline-color=\"\">PREMIUM \u2013 Exclusive Package<\/a><\/p>\n<p><a class=\"\" href=\"https:\/\/hotelsuccess.com\/en\/program-enterprise\/\" data-darkreader-inline-color=\"\">ENTERPRISE \u2013 Success Package<\/a><\/p>\n<\/div>\n<p>&nbsp;<\/p>\n<\/div>\n\n\t\t<\/div>\n\t<\/div>\n<\/div><\/div><\/div><div class=\"wpb_column vc_column_container vc_col-sm-3\"><div class=\"vc_column-inner\"><div class=\"wpb_wrapper\"><\/div><\/div><\/div><\/div><\/div><div class=\"vc-row-container container\"><div class=\"vc_row wpb_row vc_row-fluid\"><div class=\"wpb_column vc_column_container vc_col-sm-12\"><div class=\"vc_column-inner\"><div class=\"wpb_wrapper\"><div class=\"vc_empty_space\"   style=\"height: 32px\"><span class=\"vc_empty_space_inner\"><\/span><\/div><\/div><\/div><\/div><\/div><\/div>\n<\/div>","protected":false},"excerpt":{"rendered":"STARTER \u2013 Kostenfreie Einf\u00fchrung Beschreibung: Beginnen Sie Ihre Reise mit Hotel Success \u00ae durch eine kostenlose, unverbindliche Beratung. In diesem ersten Austausch analysieren wir die individuellen Herausforderungen und Ziele Ihres Hotels, bieten Experteneinsichten und er\u00f6rtern potenzielle, auf Ihre Bed\u00fcrfnisse zugeschnittene Strategien. Die Gr\u00fcnde f\u00fcr eine Hotelberatung k\u00f6nnen vielf\u00e4ltig sein, wie z. B. Themen im Personalbereich,&hellip;","protected":false},"author":1,"featured_media":0,"parent":0,"menu_order":0,"comment_status":"closed","ping_status":"closed","template":"","meta":{"_acf_changed":false,"footnotes":""},"class_list":["post-7452","page","type-page","status-publish","hentry"],"acf":[],"yoast_head":"<!-- This site is optimized with the Yoast SEO plugin v26.6 - https:\/\/yoast.com\/wordpress\/plugins\/seo\/ -->\n<title>Program Starter hp | Hotel Success \u2013 Ihr Partner f\u00fcr nachhaltigen Hotel Erfolg.<\/title>\n<meta name=\"robots\" content=\"index, follow, max-snippet:-1, max-image-preview:large, max-video-preview:-1\" \/>\n<link rel=\"canonical\" href=\"https:\/\/hotelsuccess.com\/en\/program-starter\/\" \/>\n<meta property=\"og:locale\" content=\"en_US\" \/>\n<meta property=\"og:type\" content=\"article\" \/>\n<meta property=\"og:title\" content=\"Program Starter hp | Hotel Success \u2013 Ihr Partner f\u00fcr nachhaltigen Hotel Erfolg.\" \/>\n<meta property=\"og:url\" content=\"https:\/\/hotelsuccess.com\/en\/program-starter\/\" \/>\n<meta property=\"og:site_name\" content=\"Hotel Success \u2013 Ihr Partner f\u00fcr nachhaltigen Hotel Erfolg.\" \/>\n<meta property=\"article:publisher\" content=\"https:\/\/www.facebook.com\/johannes.f.groebler\" \/>\n<meta name=\"twitter:card\" content=\"summary_large_image\" \/>\n<meta name=\"twitter:site\" content=\"@Hotel_Fritz\" \/>\n<meta name=\"twitter:label1\" content=\"Est. reading time\" \/>\n\t<meta name=\"twitter:data1\" content=\"1 minute\" \/>\n<!-- \/ Yoast SEO plugin. -->","yoast_head_json":{"title":"Program Starter hp | Hotel Success \u2013 Ihr Partner f\u00fcr nachhaltigen Hotel Erfolg.","robots":{"index":"index","follow":"follow","max-snippet":"max-snippet:-1","max-image-preview":"max-image-preview:large","max-video-preview":"max-video-preview:-1"},"canonical":"https:\/\/hotelsuccess.com\/en\/program-starter\/","og_locale":"en_US","og_type":"article","og_title":"Program Starter hp | Hotel Success \u2013 Ihr Partner f\u00fcr nachhaltigen Hotel Erfolg.","og_url":"https:\/\/hotelsuccess.com\/en\/program-starter\/","og_site_name":"Hotel Success \u2013 Ihr Partner f\u00fcr nachhaltigen Hotel Erfolg.","article_publisher":"https:\/\/www.facebook.com\/johannes.f.groebler","twitter_card":"summary_large_image","twitter_site":"@Hotel_Fritz","twitter_misc":{"Est. reading time":"1 minute"},"schema":{"@context":"https:\/\/schema.org","@graph":[{"@type":"WebPage","@id":"https:\/\/hotelsuccess.com\/program-starter\/","url":"https:\/\/hotelsuccess.com\/program-starter\/","name":"Program Starter hp | Hotel Success \u2013 Ihr Partner f\u00fcr nachhaltigen Hotel Erfolg.","isPartOf":{"@id":"https:\/\/hotelsuccess.com\/#website"},"datePublished":"2024-11-08T19:36:26+00:00","dateModified":"2024-11-19T08:18:55+00:00","breadcrumb":{"@id":"https:\/\/hotelsuccess.com\/program-starter\/#breadcrumb"},"inLanguage":"en-US","potentialAction":[{"@type":"ReadAction","target":["https:\/\/hotelsuccess.com\/program-starter\/"]}]},{"@type":"BreadcrumbList","@id":"https:\/\/hotelsuccess.com\/program-starter\/#breadcrumb","itemListElement":[{"@type":"ListItem","position":1,"name":"Home","item":"https:\/\/hotelsuccess.com\/"},{"@type":"ListItem","position":2,"name":"Program Starter hp"}]},{"@type":"WebSite","@id":"https:\/\/hotelsuccess.com\/#website","url":"https:\/\/hotelsuccess.com\/","name":"Hotel Success \u2013 Ihr Partner f\u00fcr nachhaltigen Hotel Erfolg.","description":"hotelsuccess.com","publisher":{"@id":"https:\/\/hotelsuccess.com\/#organization"},"potentialAction":[{"@type":"SearchAction","target":{"@type":"EntryPoint","urlTemplate":"https:\/\/hotelsuccess.com\/?s={search_term_string}"},"query-input":{"@type":"PropertyValueSpecification","valueRequired":true,"valueName":"search_term_string"}}],"inLanguage":"en-US"},{"@type":"Organization","@id":"https:\/\/hotelsuccess.com\/#organization","name":"Hotel Fritz","url":"https:\/\/hotelsuccess.com\/","logo":{"@type":"ImageObject","inLanguage":"en-US","@id":"https:\/\/hotelsuccess.com\/#\/schema\/logo\/image\/","url":"https:\/\/hotelsuccess.com\/wp-content\/uploads\/2021\/07\/logo-hotel-fritz-black.png","contentUrl":"https:\/\/hotelsuccess.com\/wp-content\/uploads\/2021\/07\/logo-hotel-fritz-black.png","width":379,"height":60,"caption":"Hotel Fritz"},"image":{"@id":"https:\/\/hotelsuccess.com\/#\/schema\/logo\/image\/"},"sameAs":["https:\/\/www.facebook.com\/johannes.f.groebler","https:\/\/x.com\/Hotel_Fritz","https:\/\/www.instagram.com\/hotelfritz_\/","https:\/\/www.pinterest.de\/JohannesFritzGroebler\/","https:\/\/www.linkedin.com\/in\/johannesgroebler\/","https:\/\/www.youtube.com\/channel\/UCTBxv_KtziYqXWm2a9DEjDA"]}]}},"_links":{"self":[{"href":"https:\/\/hotelsuccess.com\/en\/wp-json\/wp\/v2\/pages\/7452","targetHints":{"allow":["GET"]}}],"collection":[{"href":"https:\/\/hotelsuccess.com\/en\/wp-json\/wp\/v2\/pages"}],"about":[{"href":"https:\/\/hotelsuccess.com\/en\/wp-json\/wp\/v2\/types\/page"}],"author":[{"embeddable":true,"href":"https:\/\/hotelsuccess.com\/en\/wp-json\/wp\/v2\/users\/1"}],"replies":[{"embeddable":true,"href":"https:\/\/hotelsuccess.com\/en\/wp-json\/wp\/v2\/comments?post=7452"}],"version-history":[{"count":11,"href":"https:\/\/hotelsuccess.com\/en\/wp-json\/wp\/v2\/pages\/7452\/revisions"}],"predecessor-version":[{"id":7850,"href":"https:\/\/hotelsuccess.com\/en\/wp-json\/wp\/v2\/pages\/7452\/revisions\/7850"}],"wp:attachment":[{"href":"https:\/\/hotelsuccess.com\/en\/wp-json\/wp\/v2\/media?parent=7452"}],"curies":[{"name":"wp","href":"https:\/\/api.w.org\/{rel}","templated":true}]}}