{"id":7588,"date":"2024-11-11T09:55:09","date_gmt":"2024-11-11T09:55:09","guid":{"rendered":"https:\/\/hotelsuccess.com\/?page_id=7588"},"modified":"2024-11-11T12:20:20","modified_gmt":"2024-11-11T12:20:20","slug":"program-growth","status":"publish","type":"page","link":"https:\/\/hotelsuccess.com\/en\/program-growth\/","title":{"rendered":"Program Growth"},"content":{"rendered":"<div class=\"wpb-content-wrapper\"><div class=\"vc-row-container container\"><div class=\"vc_row wpb_row vc_row-fluid\"><div class=\"wpb_column vc_column_container vc_col-sm-3\"><div class=\"vc_column-inner\"><div class=\"wpb_wrapper\"><\/div><\/div><\/div><div class=\"wpb_column vc_column_container vc_col-sm-6\"><div class=\"vc_column-inner\"><div class=\"wpb_wrapper\"><div class=\"section-title\">\n    <h1>GROWTH Wachstums-Paket<\/h1>\n<\/div>\n\t<div class=\"wpb_text_column wpb_content_element post-formatting\" >\n\t\t<div class=\"wpb_wrapper\">\n\t\t\t<p><strong>Target Audience:\u00a0<\/strong><\/p>\n<p>Mid-sized hotels aiming to expand market share, optimize revenue, and enhance guest satisfaction.<\/p>\n<p><strong>Duration:<\/strong><\/p>\n<p>6-12 months with the option to upgrade to the Premium Package.<\/p>\n<p><strong>Services:<\/strong><\/p>\n<p>Comprehensive Market Analysis: Evaluation of competitive positioning, target audience, and brand strategy.<\/p>\n<p>Revenue Management and Pricing Strategy: Tailored pricing strategies to maximize occupancy and optimize revenue.<\/p>\n<p>Digital Marketing Audit &amp; Strategy: Enhancement of digital presence, website, and social media.<\/p>\n<p>Monthly Consultation Sessions: In-depth discussions on progress, challenges, and strategy adjustments.<\/p>\n<p>Quarterly Review and Strategy Adjustment: Comprehensive review of key performance indicators with adjustments to achieve goals.<\/p>\n<p><strong>Value Proposition:\u00a0<\/strong><\/p>\n<p>A strategic package offering comprehensive consulting and tailored support, ideal for hotels seeking sustainable growth.<\/p>\n\n\t\t<\/div>\n\t<\/div>\n<div class=\"vc_btn3-container vc_btn3-inline vc_do_btn\" ><a class=\"vc_general vc_btn3 vc_btn3-size-md vc_btn3-shape-round vc_btn3-style-outline vc_btn3-color-danger\" href=\"https:\/\/calendly.com\/hotelsuccess\/30min\" title=\"\" target=\"_blank\">Let\u2019s Grow Your Hotel - Book a Call<\/a><\/div><\/div><\/div><\/div><div class=\"wpb_column vc_column_container vc_col-sm-3\"><div class=\"vc_column-inner\"><div class=\"wpb_wrapper\"><\/div><\/div><\/div><\/div><\/div><div class=\"vc-row-container container\"><div class=\"vc_row wpb_row vc_row-fluid\"><div class=\"wpb_column vc_column_container vc_col-sm-12\"><div class=\"vc_column-inner\"><div class=\"wpb_wrapper\"><div class=\"vc_empty_space\"   style=\"height: 32px\"><span class=\"vc_empty_space_inner\"><\/span><\/div><\/div><\/div><\/div><\/div><\/div><div class=\"vc-row-container container\"><div class=\"vc_row wpb_row vc_row-fluid\"><div class=\"wpb_column vc_column_container vc_col-sm-3\"><div class=\"vc_column-inner\"><div class=\"wpb_wrapper\"><\/div><\/div><\/div><div class=\"wpb_column vc_column_container vc_col-sm-6\"><div class=\"vc_column-inner\"><div class=\"wpb_wrapper\">\n\t<div class=\"wpb_text_column wpb_content_element post-formatting\" >\n\t\t<div class=\"wpb_wrapper\">\n\t\t\t<p><strong>Overview of All Programs<\/strong><\/p>\n<div class=\"textwidget\">\n<div class=\"textwidget\">\n<p><a class=\"\" href=\"https:\/\/hotelsuccess.com\/en\/program-starter\/\" data-darkreader-inline-color=\"\">STARTER \u2013 Free Introduction<\/a><\/p>\n<p><a class=\"\" href=\"https:\/\/hotelsuccess.com\/en\/program-essential\/\" data-darkreader-inline-color=\"\">ESSENTIAL \u2013 Basic Package<\/a><\/p>\n<p><a class=\"\" href=\"https:\/\/hotelsuccess.com\/en\/program-growth\/\" data-darkreader-inline-color=\"\">GROWTH \u2013 Growth Package<\/a><\/p>\n<p><a class=\"\" href=\"https:\/\/hotelsuccess.com\/en\/program-premium\/\" data-darkreader-inline-color=\"\">PREMIUM \u2013 Exclusive Package<\/a><\/p>\n<p><a class=\"\" href=\"https:\/\/hotelsuccess.com\/en\/program-enterprise\/\" data-darkreader-inline-color=\"\">ENTERPRISE \u2013 Success Package<\/a><\/p>\n<\/div>\n<p>&nbsp;<\/p>\n<\/div>\n\n\t\t<\/div>\n\t<\/div>\n<\/div><\/div><\/div><div class=\"wpb_column vc_column_container vc_col-sm-3\"><div class=\"vc_column-inner\"><div class=\"wpb_wrapper\"><\/div><\/div><\/div><\/div><\/div><div class=\"vc-row-container container\"><div class=\"vc_row wpb_row vc_row-fluid\"><div class=\"wpb_column vc_column_container vc_col-sm-12\"><div class=\"vc_column-inner\"><div class=\"wpb_wrapper\"><div class=\"vc_empty_space\"   style=\"height: 32px\"><span class=\"vc_empty_space_inner\"><\/span><\/div><\/div><\/div><\/div><\/div><\/div>\n<\/div>","protected":false},"excerpt":{"rendered":"GROWTH Wachstums-Paket Zielgruppe:\u00a0 Mittelgro\u00dfe Hotels, die ihre Marktanteile ausbauen, den Umsatz optimieren und die G\u00e4stezufriedenheit verbessern m\u00f6chten. Dauer: 6-12 Monate mit der Option, auf das Premiumpaket aufzur\u00fcsten. Leistungen: Umfassende Marktanalyse: Analyse der Wettbewerbspositionierung, Zielgruppen und Markenstrategie. Umsatzmanagement und Preisstrategie: Ma\u00dfgeschneiderte Preisstrategien zur Maximierung der Belegung und Optimierung der Ums\u00e4tze. Digitales Marketing Audit &amp; Strategie: Optimierung&hellip;","protected":false},"author":1,"featured_media":0,"parent":0,"menu_order":0,"comment_status":"closed","ping_status":"closed","template":"","meta":{"_acf_changed":false,"footnotes":""},"class_list":["post-7588","page","type-page","status-publish","hentry"],"acf":[],"yoast_head":"<!-- This site is optimized with the Yoast SEO plugin v26.6 - https:\/\/yoast.com\/wordpress\/plugins\/seo\/ -->\n<title>Program Growth | Hotel Success \u2013 Ihr Partner f\u00fcr nachhaltigen Hotel Erfolg.<\/title>\n<meta name=\"robots\" content=\"index, follow, max-snippet:-1, max-image-preview:large, max-video-preview:-1\" \/>\n<link rel=\"canonical\" href=\"https:\/\/hotelsuccess.com\/en\/program-growth\/\" \/>\n<meta property=\"og:locale\" content=\"en_US\" \/>\n<meta property=\"og:type\" content=\"article\" \/>\n<meta property=\"og:title\" content=\"Program Growth | Hotel Success \u2013 Ihr Partner f\u00fcr nachhaltigen Hotel Erfolg.\" \/>\n<meta property=\"og:url\" content=\"https:\/\/hotelsuccess.com\/en\/program-growth\/\" \/>\n<meta property=\"og:site_name\" content=\"Hotel Success \u2013 Ihr Partner f\u00fcr nachhaltigen Hotel Erfolg.\" \/>\n<meta property=\"article:publisher\" content=\"https:\/\/www.facebook.com\/johannes.f.groebler\" \/>\n<meta name=\"twitter:card\" content=\"summary_large_image\" \/>\n<meta name=\"twitter:site\" content=\"@Hotel_Fritz\" \/>\n<meta name=\"twitter:label1\" content=\"Est. reading time\" \/>\n\t<meta name=\"twitter:data1\" content=\"1 minute\" \/>\n<!-- \/ Yoast SEO plugin. -->","yoast_head_json":{"title":"Program Growth | Hotel Success \u2013 Ihr Partner f\u00fcr nachhaltigen Hotel Erfolg.","robots":{"index":"index","follow":"follow","max-snippet":"max-snippet:-1","max-image-preview":"max-image-preview:large","max-video-preview":"max-video-preview:-1"},"canonical":"https:\/\/hotelsuccess.com\/en\/program-growth\/","og_locale":"en_US","og_type":"article","og_title":"Program Growth | Hotel Success \u2013 Ihr Partner f\u00fcr nachhaltigen Hotel Erfolg.","og_url":"https:\/\/hotelsuccess.com\/en\/program-growth\/","og_site_name":"Hotel Success \u2013 Ihr Partner f\u00fcr nachhaltigen Hotel Erfolg.","article_publisher":"https:\/\/www.facebook.com\/johannes.f.groebler","twitter_card":"summary_large_image","twitter_site":"@Hotel_Fritz","twitter_misc":{"Est. reading time":"1 minute"},"schema":{"@context":"https:\/\/schema.org","@graph":[{"@type":"WebPage","@id":"https:\/\/hotelsuccess.com\/program-growth\/","url":"https:\/\/hotelsuccess.com\/program-growth\/","name":"Program Growth | Hotel Success \u2013 Ihr Partner f\u00fcr nachhaltigen Hotel Erfolg.","isPartOf":{"@id":"https:\/\/hotelsuccess.com\/#website"},"datePublished":"2024-11-11T09:55:09+00:00","dateModified":"2024-11-11T12:20:20+00:00","breadcrumb":{"@id":"https:\/\/hotelsuccess.com\/program-growth\/#breadcrumb"},"inLanguage":"en-US","potentialAction":[{"@type":"ReadAction","target":["https:\/\/hotelsuccess.com\/program-growth\/"]}]},{"@type":"BreadcrumbList","@id":"https:\/\/hotelsuccess.com\/program-growth\/#breadcrumb","itemListElement":[{"@type":"ListItem","position":1,"name":"Home","item":"https:\/\/hotelsuccess.com\/"},{"@type":"ListItem","position":2,"name":"Program Growth"}]},{"@type":"WebSite","@id":"https:\/\/hotelsuccess.com\/#website","url":"https:\/\/hotelsuccess.com\/","name":"Hotel Success \u2013 Ihr Partner f\u00fcr nachhaltigen Hotel Erfolg.","description":"hotelsuccess.com","publisher":{"@id":"https:\/\/hotelsuccess.com\/#organization"},"potentialAction":[{"@type":"SearchAction","target":{"@type":"EntryPoint","urlTemplate":"https:\/\/hotelsuccess.com\/?s={search_term_string}"},"query-input":{"@type":"PropertyValueSpecification","valueRequired":true,"valueName":"search_term_string"}}],"inLanguage":"en-US"},{"@type":"Organization","@id":"https:\/\/hotelsuccess.com\/#organization","name":"Hotel Fritz","url":"https:\/\/hotelsuccess.com\/","logo":{"@type":"ImageObject","inLanguage":"en-US","@id":"https:\/\/hotelsuccess.com\/#\/schema\/logo\/image\/","url":"https:\/\/hotelsuccess.com\/wp-content\/uploads\/2021\/07\/logo-hotel-fritz-black.png","contentUrl":"https:\/\/hotelsuccess.com\/wp-content\/uploads\/2021\/07\/logo-hotel-fritz-black.png","width":379,"height":60,"caption":"Hotel Fritz"},"image":{"@id":"https:\/\/hotelsuccess.com\/#\/schema\/logo\/image\/"},"sameAs":["https:\/\/www.facebook.com\/johannes.f.groebler","https:\/\/x.com\/Hotel_Fritz","https:\/\/www.instagram.com\/hotelfritz_\/","https:\/\/www.pinterest.de\/JohannesFritzGroebler\/","https:\/\/www.linkedin.com\/in\/johannesgroebler\/","https:\/\/www.youtube.com\/channel\/UCTBxv_KtziYqXWm2a9DEjDA"]}]}},"_links":{"self":[{"href":"https:\/\/hotelsuccess.com\/en\/wp-json\/wp\/v2\/pages\/7588","targetHints":{"allow":["GET"]}}],"collection":[{"href":"https:\/\/hotelsuccess.com\/en\/wp-json\/wp\/v2\/pages"}],"about":[{"href":"https:\/\/hotelsuccess.com\/en\/wp-json\/wp\/v2\/types\/page"}],"author":[{"embeddable":true,"href":"https:\/\/hotelsuccess.com\/en\/wp-json\/wp\/v2\/users\/1"}],"replies":[{"embeddable":true,"href":"https:\/\/hotelsuccess.com\/en\/wp-json\/wp\/v2\/comments?post=7588"}],"version-history":[{"count":3,"href":"https:\/\/hotelsuccess.com\/en\/wp-json\/wp\/v2\/pages\/7588\/revisions"}],"predecessor-version":[{"id":7627,"href":"https:\/\/hotelsuccess.com\/en\/wp-json\/wp\/v2\/pages\/7588\/revisions\/7627"}],"wp:attachment":[{"href":"https:\/\/hotelsuccess.com\/en\/wp-json\/wp\/v2\/media?parent=7588"}],"curies":[{"name":"wp","href":"https:\/\/api.w.org\/{rel}","templated":true}]}}