{"id":7852,"date":"2024-11-19T08:22:53","date_gmt":"2024-11-19T08:22:53","guid":{"rendered":"https:\/\/hotelsuccess.com\/?page_id=7852"},"modified":"2024-11-19T08:28:01","modified_gmt":"2024-11-19T08:28:01","slug":"preise","status":"publish","type":"page","link":"https:\/\/hotelsuccess.com\/en\/preise\/","title":{"rendered":"Preise"},"content":{"rendered":"<div class=\"wpb-content-wrapper\"><div class=\"vc-row-container container\"><div class=\"vc_row wpb_row vc_row-fluid\"><div class=\"wpb_column vc_column_container vc_col-sm-3\"><div class=\"vc_column-inner\"><div class=\"wpb_wrapper\"><\/div><\/div><\/div><div class=\"wpb_column vc_column_container vc_col-sm-6\"><div class=\"vc_column-inner\"><div class=\"wpb_wrapper\"><div class=\"section-title\">\n    <h1>Preise bei Hotel Success<\/h1>\n<\/div>\n\t<div class=\"wpb_text_column wpb_content_element post-formatting\" >\n\t\t<div class=\"wpb_wrapper\">\n\t\t\t<p>Unsere Preise richten sich individuell nach dem gew\u00e4hlten Package, dem Umfang des Projektes sowie der Gr\u00f6\u00dfe Ihres Hotels. Dabei ber\u00fccksichtigen wir die unterschiedlichen Anforderungen und M\u00f6glichkeiten verschiedener Hoteltypen: Kleine Boutique-Hotels und privatgef\u00fchrte H\u00e4user werden selbstverst\u00e4ndlich anders kalkuliert als internationale Hotelketten.<\/p>\n<p>F\u00fcr detaillierte Informationen zu unseren Packages und Preisen senden Sie uns einfach eine E-Mail mit Ihrem Hotelnamen und Ihren Kontaktdaten. Wir lassen Ihnen umgehend unsere Preisinformationen zukommen und freuen uns darauf, gemeinsam mit Ihnen an Ihrem Erfolg zu arbeiten.<\/p>\n<p><strong>Kontaktieren Sie uns noch heute!<\/strong><\/p>\n<p>Email f\u00fcr Preise an <a href=\"mailto:mail@hotelsuccess.com\">mail@hotelsuccess.com <\/a><\/p>\n\n\t\t<\/div>\n\t<\/div>\n<div class=\"vc_btn3-container vc_btn3-inline vc_do_btn\" ><a class=\"vc_general vc_btn3 vc_btn3-size-md vc_btn3-shape-round vc_btn3-style-outline vc_btn3-color-danger\" href=\"https:\/\/calendly.com\/hotelsuccess\/30min\" title=\"\" target=\"_blank\">Schedule a free initial consultation <\/a><\/div><\/div><\/div><\/div><div class=\"wpb_column vc_column_container vc_col-sm-3\"><div class=\"vc_column-inner\"><div class=\"wpb_wrapper\"><\/div><\/div><\/div><\/div><\/div><div class=\"vc-row-container container\"><div class=\"vc_row wpb_row vc_row-fluid\"><div class=\"wpb_column vc_column_container vc_col-sm-12\"><div class=\"vc_column-inner\"><div class=\"wpb_wrapper\"><div class=\"vc_empty_space\"   style=\"height: 32px\"><span class=\"vc_empty_space_inner\"><\/span><\/div><\/div><\/div><\/div><\/div><\/div><div class=\"vc-row-container container\"><div class=\"vc_row wpb_row vc_row-fluid\"><div class=\"wpb_column vc_column_container vc_col-sm-3\"><div class=\"vc_column-inner\"><div class=\"wpb_wrapper\"><\/div><\/div><\/div><div class=\"wpb_column vc_column_container vc_col-sm-6\"><div class=\"vc_column-inner\"><div class=\"wpb_wrapper\">\n\t<div class=\"wpb_text_column wpb_content_element post-formatting\" >\n\t\t<div class=\"wpb_wrapper\">\n\t\t\t<p><strong>Overview of All Programs<\/strong><\/p>\n<div class=\"textwidget\">\n<div class=\"textwidget\">\n<p><a class=\"\" href=\"https:\/\/hotelsuccess.com\/en\/program-starter\/\" data-darkreader-inline-color=\"\">STARTER \u2013 Free Introduction<\/a><\/p>\n<p><a class=\"\" href=\"https:\/\/hotelsuccess.com\/en\/program-essential\/\" data-darkreader-inline-color=\"\">ESSENTIAL \u2013 Basic Package<\/a><\/p>\n<p><a class=\"\" href=\"https:\/\/hotelsuccess.com\/en\/program-growth\/\" data-darkreader-inline-color=\"\">GROWTH \u2013 Growth Package<\/a><\/p>\n<p><a class=\"\" href=\"https:\/\/hotelsuccess.com\/en\/program-premium\/\" data-darkreader-inline-color=\"\">PREMIUM \u2013 Exclusive Package<\/a><\/p>\n<p><a class=\"\" href=\"https:\/\/hotelsuccess.com\/en\/program-enterprise\/\" data-darkreader-inline-color=\"\">ENTERPRISE \u2013 Success Package<\/a><\/p>\n<\/div>\n<p>&nbsp;<\/p>\n<\/div>\n\n\t\t<\/div>\n\t<\/div>\n<\/div><\/div><\/div><div class=\"wpb_column vc_column_container vc_col-sm-3\"><div class=\"vc_column-inner\"><div class=\"wpb_wrapper\"><\/div><\/div><\/div><\/div><\/div><div class=\"vc-row-container container\"><div class=\"vc_row wpb_row vc_row-fluid\"><div class=\"wpb_column vc_column_container vc_col-sm-12\"><div class=\"vc_column-inner\"><div class=\"wpb_wrapper\"><div class=\"vc_empty_space\"   style=\"height: 32px\"><span class=\"vc_empty_space_inner\"><\/span><\/div><\/div><\/div><\/div><\/div><\/div>\n<\/div>","protected":false},"excerpt":{"rendered":"Preise bei Hotel Success Unsere Preise richten sich individuell nach dem gew\u00e4hlten Package, dem Umfang des Projektes sowie der Gr\u00f6\u00dfe Ihres Hotels. Dabei ber\u00fccksichtigen wir die unterschiedlichen Anforderungen und M\u00f6glichkeiten verschiedener Hoteltypen: Kleine Boutique-Hotels und privatgef\u00fchrte H\u00e4user werden selbstverst\u00e4ndlich anders kalkuliert als internationale Hotelketten. F\u00fcr detaillierte Informationen zu unseren Packages und Preisen senden Sie uns&hellip;","protected":false},"author":1,"featured_media":0,"parent":0,"menu_order":0,"comment_status":"closed","ping_status":"closed","template":"","meta":{"_acf_changed":false,"footnotes":""},"class_list":["post-7852","page","type-page","status-publish","hentry"],"acf":[],"yoast_head":"<!-- This site is optimized with the Yoast SEO plugin v26.6 - https:\/\/yoast.com\/wordpress\/plugins\/seo\/ -->\n<title>Preise | Hotel Success \u2013 Ihr Partner f\u00fcr nachhaltigen Hotel Erfolg.<\/title>\n<meta name=\"robots\" content=\"index, follow, max-snippet:-1, max-image-preview:large, max-video-preview:-1\" \/>\n<link rel=\"canonical\" href=\"https:\/\/hotelsuccess.com\/en\/preise\/\" \/>\n<meta property=\"og:locale\" content=\"en_US\" \/>\n<meta property=\"og:type\" content=\"article\" \/>\n<meta property=\"og:title\" content=\"Preise | Hotel Success \u2013 Ihr Partner f\u00fcr nachhaltigen Hotel Erfolg.\" \/>\n<meta property=\"og:url\" content=\"https:\/\/hotelsuccess.com\/en\/preise\/\" \/>\n<meta property=\"og:site_name\" content=\"Hotel Success \u2013 Ihr Partner f\u00fcr nachhaltigen Hotel Erfolg.\" \/>\n<meta property=\"article:publisher\" content=\"https:\/\/www.facebook.com\/johannes.f.groebler\" \/>\n<meta name=\"twitter:card\" content=\"summary_large_image\" \/>\n<meta name=\"twitter:site\" content=\"@Hotel_Fritz\" \/>\n<meta name=\"twitter:label1\" content=\"Est. reading time\" \/>\n\t<meta name=\"twitter:data1\" content=\"1 minute\" \/>\n<!-- \/ Yoast SEO plugin. -->","yoast_head_json":{"title":"Preise | Hotel Success \u2013 Ihr Partner f\u00fcr nachhaltigen Hotel Erfolg.","robots":{"index":"index","follow":"follow","max-snippet":"max-snippet:-1","max-image-preview":"max-image-preview:large","max-video-preview":"max-video-preview:-1"},"canonical":"https:\/\/hotelsuccess.com\/en\/preise\/","og_locale":"en_US","og_type":"article","og_title":"Preise | Hotel Success \u2013 Ihr Partner f\u00fcr nachhaltigen Hotel Erfolg.","og_url":"https:\/\/hotelsuccess.com\/en\/preise\/","og_site_name":"Hotel Success \u2013 Ihr Partner f\u00fcr nachhaltigen Hotel Erfolg.","article_publisher":"https:\/\/www.facebook.com\/johannes.f.groebler","twitter_card":"summary_large_image","twitter_site":"@Hotel_Fritz","twitter_misc":{"Est. reading time":"1 minute"},"schema":{"@context":"https:\/\/schema.org","@graph":[{"@type":"WebPage","@id":"https:\/\/hotelsuccess.com\/preise\/","url":"https:\/\/hotelsuccess.com\/preise\/","name":"Preise | Hotel Success \u2013 Ihr Partner f\u00fcr nachhaltigen Hotel Erfolg.","isPartOf":{"@id":"https:\/\/hotelsuccess.com\/#website"},"datePublished":"2024-11-19T08:22:53+00:00","dateModified":"2024-11-19T08:28:01+00:00","breadcrumb":{"@id":"https:\/\/hotelsuccess.com\/preise\/#breadcrumb"},"inLanguage":"en-US","potentialAction":[{"@type":"ReadAction","target":["https:\/\/hotelsuccess.com\/preise\/"]}]},{"@type":"BreadcrumbList","@id":"https:\/\/hotelsuccess.com\/preise\/#breadcrumb","itemListElement":[{"@type":"ListItem","position":1,"name":"Home","item":"https:\/\/hotelsuccess.com\/"},{"@type":"ListItem","position":2,"name":"Preise"}]},{"@type":"WebSite","@id":"https:\/\/hotelsuccess.com\/#website","url":"https:\/\/hotelsuccess.com\/","name":"Hotel Success \u2013 Ihr Partner f\u00fcr nachhaltigen Hotel Erfolg.","description":"hotelsuccess.com","publisher":{"@id":"https:\/\/hotelsuccess.com\/#organization"},"potentialAction":[{"@type":"SearchAction","target":{"@type":"EntryPoint","urlTemplate":"https:\/\/hotelsuccess.com\/?s={search_term_string}"},"query-input":{"@type":"PropertyValueSpecification","valueRequired":true,"valueName":"search_term_string"}}],"inLanguage":"en-US"},{"@type":"Organization","@id":"https:\/\/hotelsuccess.com\/#organization","name":"Hotel Fritz","url":"https:\/\/hotelsuccess.com\/","logo":{"@type":"ImageObject","inLanguage":"en-US","@id":"https:\/\/hotelsuccess.com\/#\/schema\/logo\/image\/","url":"https:\/\/hotelsuccess.com\/wp-content\/uploads\/2021\/07\/logo-hotel-fritz-black.png","contentUrl":"https:\/\/hotelsuccess.com\/wp-content\/uploads\/2021\/07\/logo-hotel-fritz-black.png","width":379,"height":60,"caption":"Hotel Fritz"},"image":{"@id":"https:\/\/hotelsuccess.com\/#\/schema\/logo\/image\/"},"sameAs":["https:\/\/www.facebook.com\/johannes.f.groebler","https:\/\/x.com\/Hotel_Fritz","https:\/\/www.instagram.com\/hotelfritz_\/","https:\/\/www.pinterest.de\/JohannesFritzGroebler\/","https:\/\/www.linkedin.com\/in\/johannesgroebler\/","https:\/\/www.youtube.com\/channel\/UCTBxv_KtziYqXWm2a9DEjDA"]}]}},"_links":{"self":[{"href":"https:\/\/hotelsuccess.com\/en\/wp-json\/wp\/v2\/pages\/7852","targetHints":{"allow":["GET"]}}],"collection":[{"href":"https:\/\/hotelsuccess.com\/en\/wp-json\/wp\/v2\/pages"}],"about":[{"href":"https:\/\/hotelsuccess.com\/en\/wp-json\/wp\/v2\/types\/page"}],"author":[{"embeddable":true,"href":"https:\/\/hotelsuccess.com\/en\/wp-json\/wp\/v2\/users\/1"}],"replies":[{"embeddable":true,"href":"https:\/\/hotelsuccess.com\/en\/wp-json\/wp\/v2\/comments?post=7852"}],"version-history":[{"count":5,"href":"https:\/\/hotelsuccess.com\/en\/wp-json\/wp\/v2\/pages\/7852\/revisions"}],"predecessor-version":[{"id":7857,"href":"https:\/\/hotelsuccess.com\/en\/wp-json\/wp\/v2\/pages\/7852\/revisions\/7857"}],"wp:attachment":[{"href":"https:\/\/hotelsuccess.com\/en\/wp-json\/wp\/v2\/media?parent=7852"}],"curies":[{"name":"wp","href":"https:\/\/api.w.org\/{rel}","templated":true}]}}