{"id":7214,"date":"2024-02-10T19:57:58","date_gmt":"2024-02-10T19:57:58","guid":{"rendered":"https:\/\/hotelsuccess.com\/?post_type=product&#038;p=7214"},"modified":"2024-02-10T20:01:05","modified_gmt":"2024-02-10T20:01:05","slug":"rentabilitaetsanalyse-wirtschaftlichkeitsplanung-kalkulationspaket-einnahmen-ausgaben","status":"publish","type":"product","link":"https:\/\/hotelsuccess.com\/en\/product\/rentabilitaetsanalyse-wirtschaftlichkeitsplanung-kalkulationspaket-einnahmen-ausgaben\/","title":{"rendered":"Rentabilit\u00e4tsanalyse"},"content":{"rendered":"","protected":false},"excerpt":{"rendered":"<p><strong>Zielkunden:<\/strong> Hotels, die sich in der Planungsphase befinden oder bereits in Betrieb sind und Unterst\u00fctzung im Management s\u00e4mtlicher Einnahmen und Ausgaben ben\u00f6tigen. Hotelinvestoren, die einen Einblick in die Performance des Hotels gewinnen und alle finanziellen Aspekte evaluieren m\u00f6chten, um ein solides Ergebnis zu erzielen.<\/p>\n<p><strong>Enthaltene Dienstleistungen:<\/strong><\/p>\n<ol>\n<li><strong>Umfassende Hotelkalkulation<\/strong>:\n<ul>\n<li>Durchf\u00fchrung einer detaillierten Finanzanalyse zur Sicherstellung der wirtschaftlichen Tragf\u00e4higkeit des Hotelprojekts.<\/li>\n<li>Erstellung einer Kalkulation und Ermittlung der laufenden Betriebskosten.<\/li>\n<\/ul>\n<\/li>\n<li><strong>Umsatzprognose<\/strong>:\n<ul>\n<li>Entwicklung realistischer Umsatzziele basierend auf einer gr\u00fcndlichen Analyse der Zielgruppen und Marktforschung.<\/li>\n<li>Erstellung von Prognosemodellen, die saisonale Schwankungen und Markttrends miteinbeziehen.<\/li>\n<\/ul>\n<\/li>\n<li><strong>Kostenkalkulation<\/strong>:\n<ul>\n<li>Detaillierte Erfassung und Analyse aller Betriebskosten, einschlie\u00dflich Personal-, Wartungs- und Energiekosten.<\/li>\n<li>Identifizierung von Einsparpotentialen und Optimierung der Kosteneffizienz.<\/li>\n<\/ul>\n<\/li>\n<li><strong>Preisstrategie<\/strong>:\n<ul>\n<li>Entwicklung einer klaren Preisstrategie, die auf dem Hotelkonzept und der Positionierung innerhalb der Zielgruppen basiert.<\/li>\n<li>Ber\u00fccksichtigung von Wettbewerbspreisen und Wertangeboten zur Preisoptimierung.<\/li>\n<\/ul>\n<\/li>\n<li><strong>Wirtschaftlichkeitsanalyse<\/strong>:\n<ul>\n<li>Beurteilung der finanziellen Nachhaltigkeit und Empfehlungen f\u00fcr eine solide finanzielle Zukunft.<\/li>\n<\/ul>\n<\/li>\n<li><strong>Wettbewerbsanalyse<\/strong>:\n<ul>\n<li>Analyse des Wettbewerbs, einschlie\u00dflich Tarifvergleiche und Bewertung der St\u00e4rken und Schw\u00e4chen der Mitbewerber.<\/li>\n<li>Identifikation von Differenzierungsmerkmalen und Entwicklung von Wettbewerbsvorteilen.<\/li>\n<\/ul>\n<\/li>\n<li><strong>Benchmarking<\/strong>:\n<ul>\n<li>Anwendung bew\u00e4hrter Praktiken und erfolgreicher Hotelkonzepte zur Gew\u00e4hrleistung h\u00f6chster Qualit\u00e4tsstandards.<\/li>\n<li>Vergleich mit Branchenbenchmarks, um Leistungsl\u00fccken zu identifizieren und zu schlie\u00dfen.<\/li>\n<\/ul>\n<\/li>\n<li><strong>Standortanalyse<\/strong>:\n<ul>\n<li>Pr\u00fcfung der Standortwahl unter Ber\u00fccksichtigung von Faktoren wie Zug\u00e4nglichkeit, Kundennachfrage und Konkurrenzumfeld.<\/li>\n<\/ul>\n<\/li>\n<li><strong>Marktforschung<\/strong>:\n<ul>\n<li>Untersuchung des lokalen Hotelmarktes zur Identifizierung von aktuellen Trends und G\u00e4stebed\u00fcrfnissen.<\/li>\n<\/ul>\n<\/li>\n<li><strong>Zielgruppenanalyse<\/strong>:\n<ul>\n<li>Definition und Analyse der Zielgruppen zur Entwicklung zielgerichteter Marketing- und Serviceangebote.<\/li>\n<\/ul>\n<\/li>\n<li><strong>Hotelkalkulation im Detail<\/strong>:\n<ul>\n<li>Enth\u00e4lt eine umfassende \u00dcbersicht \u00fcber erwartete Hotelums\u00e4tze, einen detaillierten Zimmerpreisplan, Belegungsprognosen, Durchschnittspreise, Wettbewerbsanalysen und Rentabilit\u00e4tsberechnungen.<\/li>\n<\/ul>\n<\/li>\n<li><strong>Pr\u00e4sentationsmeeting<\/strong>:\n<ul>\n<li>Pr\u00e4sentation der Ergebnisse und Diskussion aller Fragen und Antworten zur Kalkulation und Strategie.<\/li>\n<li>Bereitstellung einer umfassenden Excel-Kalkulation mit allen relevanten Zahlen, Daten und Prognosen zur weiteren Analyse und Planung.<\/li>\n<\/ul>\n<\/li>\n<\/ol>\n<p>Dieses Paket ist die Basis f\u00fcr jedes erfolgreiche Hotel oder Hotelprojekt. Es bietet Hotels eine solide finanzielle Grundlage f\u00fcr die Planung und den Betrieb, indem es alle finanziellen Aspekte ber\u00fccksichtigt, von der Umsatzgenerierung bis zum effizienten Kostenmanagement. Es ist ideal f\u00fcr Hotelbetreiber und Hotelinvestoren, die ein umfassendes Verst\u00e4ndnis ihrer finanziellen Situation suchen und eine strategische Planung zur Maximierung der Rentabilit\u00e4t anstreben.<\/p>\n<p><strong>Preis:<\/strong> 9250 EUR (exklusive Reisekosten)<\/p>","protected":false},"featured_media":7210,"template":"","meta":{"_acf_changed":false},"product_brand":[],"product_cat":[143,144,131],"product_tag":[147,148,146,141,140,145],"class_list":{"0":"post-7214","1":"product","2":"type-product","3":"status-publish","4":"has-post-thumbnail","6":"product_cat-hotel-consulting","7":"product_cat-hotelberatung","8":"product_cat-services","9":"product_tag-beratung","10":"product_tag-consulting","11":"product_tag-dienstleistung","12":"product_tag-hotelberatung","13":"product_tag-hotelconsulting","14":"product_tag-service","16":"first","17":"instock","18":"shipping-taxable","19":"purchasable","20":"product-type-simple","22":"catalog-layout-default","23":"columns-xs-1"},"acf":[],"yoast_head":"<!-- This site is optimized with the Yoast SEO plugin v26.6 - https:\/\/yoast.com\/wordpress\/plugins\/seo\/ -->\n<title>Rentabilit\u00e4tsanalyse | Hotel Success \u2013 Ihr Partner f\u00fcr nachhaltigen Hotel Erfolg.<\/title>\n<meta name=\"description\" content=\"Wirtschaftlichkeitsplanung \u2013 Kalkulationspaket (Einnahmen und Ausgaben): Zielkunden: Hotels, die sich in der Planungsphase befinden oder bereits in Betrieb sind und Unterst\u00fctzung im Management s\u00e4mtlicher Einnahmen und Ausgaben ben\u00f6tigen. Hotelinvestoren, die einen Einblick in die Performance des Hotels gewinnen und alle finanziellen Aspekte evaluieren m\u00f6chten, um ein solides Ergebnis zu erzielen.\" \/>\n<meta name=\"robots\" content=\"index, follow, max-snippet:-1, max-image-preview:large, max-video-preview:-1\" \/>\n<link rel=\"canonical\" href=\"https:\/\/hotelsuccess.com\/en\/product\/rentabilitaetsanalyse-wirtschaftlichkeitsplanung-kalkulationspaket-einnahmen-ausgaben\/\" \/>\n<meta property=\"og:locale\" content=\"en_US\" \/>\n<meta property=\"og:type\" content=\"article\" \/>\n<meta property=\"og:title\" content=\"Hotel Erfolg - Johannes Fritz Groebler\" \/>\n<meta property=\"og:description\" content=\"Das eBook \u201eHotel Erfolg\u201c - Strategien, Praxisbeispiele &amp; Checklisten f\u00fcr dauerhaften Erfolg - ist ein umfangreiches Handbuch, das essenzielle Aspekte des modernen Hotelmanagements beleuchtet. Dieser Leitfaden richtet sich an Hoteliers und Hotelmanager, die ihre Betriebe optimieren und im dynamischen Marktumfeld erfolgreich agieren m\u00f6chten.\" \/>\n<meta property=\"og:url\" content=\"https:\/\/hotelsuccess.com\/en\/product\/rentabilitaetsanalyse-wirtschaftlichkeitsplanung-kalkulationspaket-einnahmen-ausgaben\/\" \/>\n<meta property=\"og:site_name\" content=\"Hotel Success \u2013 Ihr Partner f\u00fcr nachhaltigen Hotel Erfolg.\" \/>\n<meta property=\"article:publisher\" content=\"https:\/\/www.facebook.com\/johannes.f.groebler\" \/>\n<meta property=\"og:image\" content=\"https:\/\/hotelsuccess.com\/wp-content\/uploads\/2024\/02\/Der-Weg-zum-Hotel-Erfolg-Johannes-Fritz-Groebler-Hotel-Fritz-Consulting-Hotelberatung-Hotelerfolg.png\" \/>\n\t<meta property=\"og:image:width\" content=\"850\" \/>\n\t<meta property=\"og:image:height\" content=\"850\" \/>\n\t<meta property=\"og:image:type\" content=\"image\/png\" \/>\n<meta name=\"twitter:card\" content=\"summary_large_image\" \/>\n<meta name=\"twitter:site\" content=\"@Hotel_Fritz\" \/>\n<meta name=\"twitter:label1\" content=\"Est. reading time\" \/>\n\t<meta name=\"twitter:data1\" content=\"1 minute\" \/>\n<!-- \/ Yoast SEO plugin. -->","yoast_head_json":{"title":"Rentabilit\u00e4tsanalyse | Hotel Success \u2013 Ihr Partner f\u00fcr nachhaltigen Hotel Erfolg.","description":"Wirtschaftlichkeitsplanung \u2013 Kalkulationspaket (Einnahmen und Ausgaben): Zielkunden: Hotels, die sich in der Planungsphase befinden oder bereits in Betrieb sind und Unterst\u00fctzung im Management s\u00e4mtlicher Einnahmen und Ausgaben ben\u00f6tigen. Hotelinvestoren, die einen Einblick in die Performance des Hotels gewinnen und alle finanziellen Aspekte evaluieren m\u00f6chten, um ein solides Ergebnis zu erzielen.","robots":{"index":"index","follow":"follow","max-snippet":"max-snippet:-1","max-image-preview":"max-image-preview:large","max-video-preview":"max-video-preview:-1"},"canonical":"https:\/\/hotelsuccess.com\/en\/product\/rentabilitaetsanalyse-wirtschaftlichkeitsplanung-kalkulationspaket-einnahmen-ausgaben\/","og_locale":"en_US","og_type":"article","og_title":"Hotel Erfolg - Johannes Fritz Groebler","og_description":"Das eBook \u201eHotel Erfolg\u201c - Strategien, Praxisbeispiele & Checklisten f\u00fcr dauerhaften Erfolg - ist ein umfangreiches Handbuch, das essenzielle Aspekte des modernen Hotelmanagements beleuchtet. Dieser Leitfaden richtet sich an Hoteliers und Hotelmanager, die ihre Betriebe optimieren und im dynamischen Marktumfeld erfolgreich agieren m\u00f6chten.","og_url":"https:\/\/hotelsuccess.com\/en\/product\/rentabilitaetsanalyse-wirtschaftlichkeitsplanung-kalkulationspaket-einnahmen-ausgaben\/","og_site_name":"Hotel Success \u2013 Ihr Partner f\u00fcr nachhaltigen Hotel Erfolg.","article_publisher":"https:\/\/www.facebook.com\/johannes.f.groebler","og_image":[{"width":850,"height":850,"url":"https:\/\/hotelsuccess.com\/wp-content\/uploads\/2024\/02\/Der-Weg-zum-Hotel-Erfolg-Johannes-Fritz-Groebler-Hotel-Fritz-Consulting-Hotelberatung-Hotelerfolg.png","type":"image\/png"}],"twitter_card":"summary_large_image","twitter_site":"@Hotel_Fritz","twitter_misc":{"Est. reading time":"1 minute"},"schema":{"@context":"https:\/\/schema.org","@graph":[{"@type":"WebPage","@id":"https:\/\/hotelsuccess.com\/product\/rentabilitaetsanalyse-wirtschaftlichkeitsplanung-kalkulationspaket-einnahmen-ausgaben\/","url":"https:\/\/hotelsuccess.com\/product\/rentabilitaetsanalyse-wirtschaftlichkeitsplanung-kalkulationspaket-einnahmen-ausgaben\/","name":"Rentabilit\u00e4tsanalyse | Hotel Success \u2013 Ihr Partner f\u00fcr nachhaltigen Hotel Erfolg.","isPartOf":{"@id":"https:\/\/hotelsuccess.com\/#website"},"primaryImageOfPage":{"@id":"https:\/\/hotelsuccess.com\/product\/rentabilitaetsanalyse-wirtschaftlichkeitsplanung-kalkulationspaket-einnahmen-ausgaben\/#primaryimage"},"image":{"@id":"https:\/\/hotelsuccess.com\/product\/rentabilitaetsanalyse-wirtschaftlichkeitsplanung-kalkulationspaket-einnahmen-ausgaben\/#primaryimage"},"thumbnailUrl":"https:\/\/hotelsuccess.com\/wp-content\/uploads\/2024\/02\/kalkulation-package-johannes-fritz-groebler-hotelberatung-hotelconsulting.png","datePublished":"2024-02-10T19:57:58+00:00","dateModified":"2024-02-10T20:01:05+00:00","description":"Wirtschaftlichkeitsplanung \u2013 Kalkulationspaket (Einnahmen und Ausgaben): Zielkunden: Hotels, die sich in der Planungsphase befinden oder bereits in Betrieb sind und Unterst\u00fctzung im Management s\u00e4mtlicher Einnahmen und Ausgaben ben\u00f6tigen. Hotelinvestoren, die einen Einblick in die Performance des Hotels gewinnen und alle finanziellen Aspekte evaluieren m\u00f6chten, um ein solides Ergebnis zu erzielen.","breadcrumb":{"@id":"https:\/\/hotelsuccess.com\/product\/rentabilitaetsanalyse-wirtschaftlichkeitsplanung-kalkulationspaket-einnahmen-ausgaben\/#breadcrumb"},"inLanguage":"en-US","potentialAction":[{"@type":"ReadAction","target":["https:\/\/hotelsuccess.com\/product\/rentabilitaetsanalyse-wirtschaftlichkeitsplanung-kalkulationspaket-einnahmen-ausgaben\/"]}]},{"@type":"ImageObject","inLanguage":"en-US","@id":"https:\/\/hotelsuccess.com\/product\/rentabilitaetsanalyse-wirtschaftlichkeitsplanung-kalkulationspaket-einnahmen-ausgaben\/#primaryimage","url":"https:\/\/hotelsuccess.com\/wp-content\/uploads\/2024\/02\/kalkulation-package-johannes-fritz-groebler-hotelberatung-hotelconsulting.png","contentUrl":"https:\/\/hotelsuccess.com\/wp-content\/uploads\/2024\/02\/kalkulation-package-johannes-fritz-groebler-hotelberatung-hotelconsulting.png","width":600,"height":600},{"@type":"BreadcrumbList","@id":"https:\/\/hotelsuccess.com\/product\/rentabilitaetsanalyse-wirtschaftlichkeitsplanung-kalkulationspaket-einnahmen-ausgaben\/#breadcrumb","itemListElement":[{"@type":"ListItem","position":1,"name":"Home","item":"https:\/\/hotelsuccess.com\/"},{"@type":"ListItem","position":2,"name":"Shop","item":"https:\/\/hotelsuccess.com\/shop\/"},{"@type":"ListItem","position":3,"name":"Rentabilit\u00e4tsanalyse"}]},{"@type":"WebSite","@id":"https:\/\/hotelsuccess.com\/#website","url":"https:\/\/hotelsuccess.com\/","name":"Hotel Success \u2013 Ihr Partner f\u00fcr nachhaltigen Hotel Erfolg.","description":"hotelsuccess.com","publisher":{"@id":"https:\/\/hotelsuccess.com\/#organization"},"potentialAction":[{"@type":"SearchAction","target":{"@type":"EntryPoint","urlTemplate":"https:\/\/hotelsuccess.com\/?s={search_term_string}"},"query-input":{"@type":"PropertyValueSpecification","valueRequired":true,"valueName":"search_term_string"}}],"inLanguage":"en-US"},{"@type":"Organization","@id":"https:\/\/hotelsuccess.com\/#organization","name":"Hotel Fritz","url":"https:\/\/hotelsuccess.com\/","logo":{"@type":"ImageObject","inLanguage":"en-US","@id":"https:\/\/hotelsuccess.com\/#\/schema\/logo\/image\/","url":"https:\/\/hotelsuccess.com\/wp-content\/uploads\/2021\/07\/logo-hotel-fritz-black.png","contentUrl":"https:\/\/hotelsuccess.com\/wp-content\/uploads\/2021\/07\/logo-hotel-fritz-black.png","width":379,"height":60,"caption":"Hotel Fritz"},"image":{"@id":"https:\/\/hotelsuccess.com\/#\/schema\/logo\/image\/"},"sameAs":["https:\/\/www.facebook.com\/johannes.f.groebler","https:\/\/x.com\/Hotel_Fritz","https:\/\/www.instagram.com\/hotelfritz_\/","https:\/\/www.pinterest.de\/JohannesFritzGroebler\/","https:\/\/www.linkedin.com\/in\/johannesgroebler\/","https:\/\/www.youtube.com\/channel\/UCTBxv_KtziYqXWm2a9DEjDA"]}]}},"_links":{"self":[{"href":"https:\/\/hotelsuccess.com\/en\/wp-json\/wp\/v2\/product\/7214","targetHints":{"allow":["GET"]}}],"collection":[{"href":"https:\/\/hotelsuccess.com\/en\/wp-json\/wp\/v2\/product"}],"about":[{"href":"https:\/\/hotelsuccess.com\/en\/wp-json\/wp\/v2\/types\/product"}],"wp:featuredmedia":[{"embeddable":true,"href":"https:\/\/hotelsuccess.com\/en\/wp-json\/wp\/v2\/media\/7210"}],"wp:attachment":[{"href":"https:\/\/hotelsuccess.com\/en\/wp-json\/wp\/v2\/media?parent=7214"}],"wp:term":[{"taxonomy":"product_brand","embeddable":true,"href":"https:\/\/hotelsuccess.com\/en\/wp-json\/wp\/v2\/product_brand?post=7214"},{"taxonomy":"product_cat","embeddable":true,"href":"https:\/\/hotelsuccess.com\/en\/wp-json\/wp\/v2\/product_cat?post=7214"},{"taxonomy":"product_tag","embeddable":true,"href":"https:\/\/hotelsuccess.com\/en\/wp-json\/wp\/v2\/product_tag?post=7214"}],"curies":[{"name":"wp","href":"https:\/\/api.w.org\/{rel}","templated":true}]}}