{"id":7215,"date":"2024-02-10T20:01:52","date_gmt":"2024-02-10T20:01:52","guid":{"rendered":"https:\/\/hotelsuccess.com\/?post_type=product&#038;p=7215"},"modified":"2024-02-10T20:04:11","modified_gmt":"2024-02-10T20:04:11","slug":"loesungspaket-zukunft-gestalten","status":"publish","type":"product","link":"https:\/\/hotelsuccess.com\/en\/product\/loesungspaket-zukunft-gestalten\/","title":{"rendered":"L\u00f6sungspaket"},"content":{"rendered":"","protected":false},"excerpt":{"rendered":"<p><strong>Zielkunden<\/strong>: Hotels, die einen detaillierten Strategie- und Umsetzungsplan ben\u00f6tigen, um spezifische Probleme wie Umsatzdefizite, Umstrukturierungen, Personalherausforderungen zu adressieren. <strong>Hotelbetreiber<\/strong>, die auf der Suche nach fundierten Analysen direkt vor Ort und nach individuell zugeschnittener strategischer Beratung sind. <strong>Unternehmen<\/strong>, die tiefgreifende Verbesserungen in ihren Hotels implementieren m\u00f6chten, um den heutigen Marktbedingungen nicht nur gerecht zu werden, sondern diese zu \u00fcbertreffen. <strong>Hotelentwickler und Investoren<\/strong>, die professionelle Unterst\u00fctzung bei der Planung, Restrukturierung oder Sanierung ihrer Hotelprojekte ben\u00f6tigen.<\/p>\n<p><strong>Enthaltene Dienstleistungen:<\/strong><\/p>\n<ol>\n<li><strong>\u00dcberpr\u00fcfung Vorheriger Engagements<\/strong>:\n<ul>\n<li>Analyse und Bewertung fr\u00fcherer Interaktionen.<\/li>\n<li>Identifizierung von Mustern, die zu aktuellen Herausforderungen beitragen k\u00f6nnten.<\/li>\n<\/ul>\n<\/li>\n<li><strong>Entwicklung Fortgeschrittener L\u00f6sungen<\/strong>:\n<ul>\n<li>Erarbeitung einer umfassenden L\u00f6sung f\u00fcr die identifizierten Herausforderungen des Hotels.<\/li>\n<li>Integration bew\u00e4hrter Methoden und innovativer Ans\u00e4tze zur Steigerung der Leistungsf\u00e4higkeit des Hotels oder Hotelprojekts.<\/li>\n<\/ul>\n<\/li>\n<li><strong>Strategiepr\u00e4sentation und Q&amp;A<\/strong>:\n<ul>\n<li>Formelle Pr\u00e4sentation der vorgeschlagenen Strategie mit Zeitfenster f\u00fcr Fragen der Kunden.<\/li>\n<li>Interaktive Diskussion, um sicherzustellen, dass alle Aspekte der Strategie verstanden wurden.<\/li>\n<\/ul>\n<\/li>\n<li><strong>Follow-up<\/strong>:\n<ul>\n<li>Option f\u00fcr eine Nachbesprechung, um ein umfassendes Verst\u00e4ndnis sicherzustellen.<\/li>\n<li>Entwicklung eines Fahrplans f\u00fcr die ersten Schritte der Implementierung und Definition von Erfolgskennzahlen.<\/li>\n<\/ul>\n<\/li>\n<\/ol>\n<p>Dieses Paket richtet sich an Hotels, die aufgrund von strukturellen Defiziten oder operativen Herausforderungen eine umfassende Transformation anstreben. Es bietet eine zielgerichtete, strategische Planung und die notwendige Unterst\u00fctzung bei der Implementierung, um messbare Verbesserungen und langfristigen Erfolg zu erzielen.<\/p>\n<p><strong>Preis: <\/strong>4950 EUR (exklusive Reisekosten)<\/p>","protected":false},"featured_media":7211,"template":"","meta":{"_acf_changed":false},"product_brand":[],"product_cat":[143,144,131],"product_tag":[147,148,146,141,140,145],"class_list":{"0":"post-7215","1":"product","2":"type-product","3":"status-publish","4":"has-post-thumbnail","6":"product_cat-hotel-consulting","7":"product_cat-hotelberatung","8":"product_cat-services","9":"product_tag-beratung","10":"product_tag-consulting","11":"product_tag-dienstleistung","12":"product_tag-hotelberatung","13":"product_tag-hotelconsulting","14":"product_tag-service","16":"first","17":"instock","18":"shipping-taxable","19":"purchasable","20":"product-type-simple","22":"catalog-layout-default","23":"columns-xs-1"},"acf":[],"yoast_head":"<!-- This site is optimized with the Yoast SEO plugin v26.6 - https:\/\/yoast.com\/wordpress\/plugins\/seo\/ -->\n<title>L\u00f6sungspaket | Hotel Success \u2013 Ihr Partner f\u00fcr nachhaltigen Hotel Erfolg.<\/title>\n<meta name=\"description\" content=\"Dieses Paket richtet sich an Hotels, die aufgrund von strukturellen Defiziten oder operativen Herausforderungen eine umfassende Transformation anstreben. Es bietet eine zielgerichtete, strategische Planung und die notwendige Unterst\u00fctzung bei der Implementierung, um messbare Verbesserungen und langfristigen Erfolg zu erzielen.\" \/>\n<meta name=\"robots\" content=\"index, follow, max-snippet:-1, max-image-preview:large, max-video-preview:-1\" \/>\n<link rel=\"canonical\" href=\"https:\/\/hotelsuccess.com\/en\/product\/loesungspaket-zukunft-gestalten\/\" \/>\n<meta property=\"og:locale\" content=\"en_US\" \/>\n<meta property=\"og:type\" content=\"article\" \/>\n<meta property=\"og:title\" content=\"Hotel Erfolg - Johannes Fritz Groebler\" \/>\n<meta property=\"og:description\" content=\"Das eBook \u201eHotel Erfolg\u201c - Strategien, Praxisbeispiele &amp; Checklisten f\u00fcr dauerhaften Erfolg - ist ein umfangreiches Handbuch, das essenzielle Aspekte des modernen Hotelmanagements beleuchtet. Dieser Leitfaden richtet sich an Hoteliers und Hotelmanager, die ihre Betriebe optimieren und im dynamischen Marktumfeld erfolgreich agieren m\u00f6chten.\" \/>\n<meta property=\"og:url\" content=\"https:\/\/hotelsuccess.com\/en\/product\/loesungspaket-zukunft-gestalten\/\" \/>\n<meta property=\"og:site_name\" content=\"Hotel Success \u2013 Ihr Partner f\u00fcr nachhaltigen Hotel Erfolg.\" \/>\n<meta property=\"article:publisher\" content=\"https:\/\/www.facebook.com\/johannes.f.groebler\" \/>\n<meta property=\"og:image\" content=\"https:\/\/hotelsuccess.com\/wp-content\/uploads\/2024\/02\/Der-Weg-zum-Hotel-Erfolg-Johannes-Fritz-Groebler-Hotel-Fritz-Consulting-Hotelberatung-Hotelerfolg.png\" \/>\n\t<meta property=\"og:image:width\" content=\"850\" \/>\n\t<meta property=\"og:image:height\" content=\"850\" \/>\n\t<meta property=\"og:image:type\" content=\"image\/png\" \/>\n<meta name=\"twitter:card\" content=\"summary_large_image\" \/>\n<meta name=\"twitter:site\" content=\"@Hotel_Fritz\" \/>\n<meta name=\"twitter:label1\" content=\"Est. reading time\" \/>\n\t<meta name=\"twitter:data1\" content=\"1 minute\" \/>\n<!-- \/ Yoast SEO plugin. -->","yoast_head_json":{"title":"L\u00f6sungspaket | Hotel Success \u2013 Ihr Partner f\u00fcr nachhaltigen Hotel Erfolg.","description":"Dieses Paket richtet sich an Hotels, die aufgrund von strukturellen Defiziten oder operativen Herausforderungen eine umfassende Transformation anstreben. Es bietet eine zielgerichtete, strategische Planung und die notwendige Unterst\u00fctzung bei der Implementierung, um messbare Verbesserungen und langfristigen Erfolg zu erzielen.","robots":{"index":"index","follow":"follow","max-snippet":"max-snippet:-1","max-image-preview":"max-image-preview:large","max-video-preview":"max-video-preview:-1"},"canonical":"https:\/\/hotelsuccess.com\/en\/product\/loesungspaket-zukunft-gestalten\/","og_locale":"en_US","og_type":"article","og_title":"Hotel Erfolg - Johannes Fritz Groebler","og_description":"Das eBook \u201eHotel Erfolg\u201c - Strategien, Praxisbeispiele & Checklisten f\u00fcr dauerhaften Erfolg - ist ein umfangreiches Handbuch, das essenzielle Aspekte des modernen Hotelmanagements beleuchtet. Dieser Leitfaden richtet sich an Hoteliers und Hotelmanager, die ihre Betriebe optimieren und im dynamischen Marktumfeld erfolgreich agieren m\u00f6chten.","og_url":"https:\/\/hotelsuccess.com\/en\/product\/loesungspaket-zukunft-gestalten\/","og_site_name":"Hotel Success \u2013 Ihr Partner f\u00fcr nachhaltigen Hotel Erfolg.","article_publisher":"https:\/\/www.facebook.com\/johannes.f.groebler","og_image":[{"width":850,"height":850,"url":"https:\/\/hotelsuccess.com\/wp-content\/uploads\/2024\/02\/Der-Weg-zum-Hotel-Erfolg-Johannes-Fritz-Groebler-Hotel-Fritz-Consulting-Hotelberatung-Hotelerfolg.png","type":"image\/png"}],"twitter_card":"summary_large_image","twitter_site":"@Hotel_Fritz","twitter_misc":{"Est. reading time":"1 minute"},"schema":{"@context":"https:\/\/schema.org","@graph":[{"@type":"WebPage","@id":"https:\/\/hotelsuccess.com\/product\/loesungspaket-zukunft-gestalten\/","url":"https:\/\/hotelsuccess.com\/product\/loesungspaket-zukunft-gestalten\/","name":"L\u00f6sungspaket | Hotel Success \u2013 Ihr Partner f\u00fcr nachhaltigen Hotel Erfolg.","isPartOf":{"@id":"https:\/\/hotelsuccess.com\/#website"},"primaryImageOfPage":{"@id":"https:\/\/hotelsuccess.com\/product\/loesungspaket-zukunft-gestalten\/#primaryimage"},"image":{"@id":"https:\/\/hotelsuccess.com\/product\/loesungspaket-zukunft-gestalten\/#primaryimage"},"thumbnailUrl":"https:\/\/hotelsuccess.com\/wp-content\/uploads\/2024\/02\/losung-package-johannes-fritz-groebler-hotelberatung-hotelconsulting.png","datePublished":"2024-02-10T20:01:52+00:00","dateModified":"2024-02-10T20:04:11+00:00","description":"Dieses Paket richtet sich an Hotels, die aufgrund von strukturellen Defiziten oder operativen Herausforderungen eine umfassende Transformation anstreben. Es bietet eine zielgerichtete, strategische Planung und die notwendige Unterst\u00fctzung bei der Implementierung, um messbare Verbesserungen und langfristigen Erfolg zu erzielen.","breadcrumb":{"@id":"https:\/\/hotelsuccess.com\/product\/loesungspaket-zukunft-gestalten\/#breadcrumb"},"inLanguage":"en-US","potentialAction":[{"@type":"ReadAction","target":["https:\/\/hotelsuccess.com\/product\/loesungspaket-zukunft-gestalten\/"]}]},{"@type":"ImageObject","inLanguage":"en-US","@id":"https:\/\/hotelsuccess.com\/product\/loesungspaket-zukunft-gestalten\/#primaryimage","url":"https:\/\/hotelsuccess.com\/wp-content\/uploads\/2024\/02\/losung-package-johannes-fritz-groebler-hotelberatung-hotelconsulting.png","contentUrl":"https:\/\/hotelsuccess.com\/wp-content\/uploads\/2024\/02\/losung-package-johannes-fritz-groebler-hotelberatung-hotelconsulting.png","width":600,"height":600},{"@type":"BreadcrumbList","@id":"https:\/\/hotelsuccess.com\/product\/loesungspaket-zukunft-gestalten\/#breadcrumb","itemListElement":[{"@type":"ListItem","position":1,"name":"Home","item":"https:\/\/hotelsuccess.com\/"},{"@type":"ListItem","position":2,"name":"Shop","item":"https:\/\/hotelsuccess.com\/shop\/"},{"@type":"ListItem","position":3,"name":"L\u00f6sungspaket"}]},{"@type":"WebSite","@id":"https:\/\/hotelsuccess.com\/#website","url":"https:\/\/hotelsuccess.com\/","name":"Hotel Success \u2013 Ihr Partner f\u00fcr nachhaltigen Hotel Erfolg.","description":"hotelsuccess.com","publisher":{"@id":"https:\/\/hotelsuccess.com\/#organization"},"potentialAction":[{"@type":"SearchAction","target":{"@type":"EntryPoint","urlTemplate":"https:\/\/hotelsuccess.com\/?s={search_term_string}"},"query-input":{"@type":"PropertyValueSpecification","valueRequired":true,"valueName":"search_term_string"}}],"inLanguage":"en-US"},{"@type":"Organization","@id":"https:\/\/hotelsuccess.com\/#organization","name":"Hotel Fritz","url":"https:\/\/hotelsuccess.com\/","logo":{"@type":"ImageObject","inLanguage":"en-US","@id":"https:\/\/hotelsuccess.com\/#\/schema\/logo\/image\/","url":"https:\/\/hotelsuccess.com\/wp-content\/uploads\/2021\/07\/logo-hotel-fritz-black.png","contentUrl":"https:\/\/hotelsuccess.com\/wp-content\/uploads\/2021\/07\/logo-hotel-fritz-black.png","width":379,"height":60,"caption":"Hotel Fritz"},"image":{"@id":"https:\/\/hotelsuccess.com\/#\/schema\/logo\/image\/"},"sameAs":["https:\/\/www.facebook.com\/johannes.f.groebler","https:\/\/x.com\/Hotel_Fritz","https:\/\/www.instagram.com\/hotelfritz_\/","https:\/\/www.pinterest.de\/JohannesFritzGroebler\/","https:\/\/www.linkedin.com\/in\/johannesgroebler\/","https:\/\/www.youtube.com\/channel\/UCTBxv_KtziYqXWm2a9DEjDA"]}]}},"_links":{"self":[{"href":"https:\/\/hotelsuccess.com\/en\/wp-json\/wp\/v2\/product\/7215","targetHints":{"allow":["GET"]}}],"collection":[{"href":"https:\/\/hotelsuccess.com\/en\/wp-json\/wp\/v2\/product"}],"about":[{"href":"https:\/\/hotelsuccess.com\/en\/wp-json\/wp\/v2\/types\/product"}],"wp:featuredmedia":[{"embeddable":true,"href":"https:\/\/hotelsuccess.com\/en\/wp-json\/wp\/v2\/media\/7211"}],"wp:attachment":[{"href":"https:\/\/hotelsuccess.com\/en\/wp-json\/wp\/v2\/media?parent=7215"}],"wp:term":[{"taxonomy":"product_brand","embeddable":true,"href":"https:\/\/hotelsuccess.com\/en\/wp-json\/wp\/v2\/product_brand?post=7215"},{"taxonomy":"product_cat","embeddable":true,"href":"https:\/\/hotelsuccess.com\/en\/wp-json\/wp\/v2\/product_cat?post=7215"},{"taxonomy":"product_tag","embeddable":true,"href":"https:\/\/hotelsuccess.com\/en\/wp-json\/wp\/v2\/product_tag?post=7215"}],"curies":[{"name":"wp","href":"https:\/\/api.w.org\/{rel}","templated":true}]}}